{"id":11647,"date":"2026-03-23T13:35:24","date_gmt":"2026-03-23T11:35:24","guid":{"rendered":"https:\/\/www.cavesduparadis.ch\/?post_type=product&#038;p=11647"},"modified":"2026-03-23T13:55:52","modified_gmt":"2026-03-23T11:55:52","slug":"diolinoir","status":"publish","type":"product","link":"https:\/\/www.cavesduparadis.ch\/fr\/produit\/diolinoir\/","title":{"rendered":"Diolinoir"},"content":{"rendered":"<div class=\"cdp-accordion\">\n<details open>\n<summary>\n      <span class=\"cdp-sum-left\"><br \/>\n        <span class=\"cdp-sum-ico\" aria-hidden=\"true\"><br \/>\n          <!-- ICON: Book Open --><br \/>\n          <svg viewBox=\"0 0 24 24\" fill=\"none\" stroke=\"currentColor\" stroke-width=\"1.8\" stroke-linecap=\"round\" stroke-linejoin=\"round\">\n            <path d=\"M2 3h6a4 4 0 0 1 4 4v14a3 3 0 0 0-3-3H2z\"><\/path>\n            <path d=\"M22 3h-6a4 4 0 0 0-4 4v14a3 3 0 0 1 3-3h7z\"><\/path>\n          <\/svg><br \/>\n        <\/span><br \/>\n        <span class=\"cdp-sum-txt\">Description<\/span><br \/>\n      <\/span><br \/>\n    <\/summary>\n<div class=\"cdp-panel\">\n<p>Issu d&rsquo;un croisement entre le Rouge de Diolly et le Pinot Noir, le Diolinoir est un c\u00e9page qui s&rsquo;est parfaitement adapt\u00e9 au terroir valaisan. Il produit des vins \u00e0 la robe profonde, riches en tannins et dot\u00e9s d&rsquo;une excellente structure. C&rsquo;est un vin de caract\u00e8re qui s&rsquo;exprime magnifiquement seul.<\/p>\n<\/p><\/div>\n<\/details>\n<details>\n<summary>\n      <span class=\"cdp-sum-left\"><br \/>\n        <span class=\"cdp-sum-ico\" aria-hidden=\"true\"><br \/>\n          <!-- ICON: Wine Glass --><br \/>\n          <svg viewBox=\"0 0 24 24\" fill=\"none\" stroke=\"currentColor\" stroke-width=\"1.8\" stroke-linecap=\"round\" stroke-linejoin=\"round\">\n            <path d=\"M8 22h8\"><\/path>\n            <path d=\"M12 11v11\"><\/path>\n            <path d=\"M18.32 7.68a5 5 0 0 1-12.64 0\"><\/path>\n          <\/svg><br \/>\n        <\/span><br \/>\n        <span class=\"cdp-sum-txt\">D\u00e9gustation &#038; Occasion<\/span><br \/>\n      <\/span><br \/>\n    <\/summary>\n<div class=\"cdp-panel\">\n<p>Robe: Rouge sombre, presque noire.<\/p>\n<p>Nez: Ar\u00f4mes intenses de petits fruits noirs (m\u00fbre, myrtille) avec des notes d&rsquo;\u00e9pices et parfois une touche de r\u00e9glisse.<\/p>\n<p>Bouche: Structur\u00e9e et charpent\u00e9e, avec des tannins pr\u00e9sents mais bien int\u00e9gr\u00e9s. Belle persistance aromatique.<\/p>\n<p>Occasion: Id\u00e9al avec des viandes rouges, de la chasse ou des plateaux de fromages cors\u00e9s.<\/p>\n<\/p><\/div>\n<\/details>\n<details>\n<summary>\n      <span class=\"cdp-sum-left\"><br \/>\n        <span class=\"cdp-sum-ico\" aria-hidden=\"true\"><br \/>\n          <!-- ICON: Sliders --><br \/>\n          <svg viewBox=\"0 0 24 24\" fill=\"none\" stroke=\"currentColor\" stroke-width=\"1.8\" stroke-linecap=\"round\" stroke-linejoin=\"round\">\n            <line x1=\"4\" y1=\"21\" x2=\"4\" y2=\"14\"><\/line>\n            <line x1=\"4\" y1=\"10\" x2=\"4\" y2=\"3\"><\/line>\n            <line x1=\"12\" y1=\"21\" x2=\"12\" y2=\"12\"><\/line>\n            <line x1=\"12\" y1=\"8\" x2=\"12\" y2=\"3\"><\/line>\n            <line x1=\"20\" y1=\"21\" x2=\"20\" y2=\"16\"><\/line>\n            <line x1=\"20\" y1=\"12\" x2=\"20\" y2=\"3\"><\/line>\n            <line x1=\"1\" y1=\"14\" x2=\"7\" y2=\"14\"><\/line>\n            <line x1=\"9\" y1=\"8\" x2=\"15\" y2=\"8\"><\/line>\n            <line x1=\"17\" y1=\"16\" x2=\"23\" y2=\"16\"><\/line>\n          <\/svg><br \/>\n        <\/span><br \/>\n        <span class=\"cdp-sum-txt\">Fiche technique<\/span><br \/>\n      <\/span><br \/>\n    <\/summary>\n<div class=\"cdp-panel\">\n<ul>\n<li><strong>C\u00e9pages<\/strong> : Diolinoir<\/li>\n<li><strong>\u00c9levage<\/strong> : En cuve inox<\/li>\n<li><strong>Origine<\/strong> : Coteaux de Sierre<\/li>\n<li><strong>Teneur en alcool<\/strong> : 13% vol.<\/li>\n<li><strong>Service<\/strong> : 14-16 \u00b0C<\/li>\n<li><strong>Potentiel de garde<\/strong> : 5-8 ans<\/li>\n<li><strong>Accords mets &#038; vins<\/strong> : Viandes rouges, de la chasse ou des plateaux de fromages cors\u00e9s<\/li>\n<\/ul>\n<p><\/p>\n<p><small><em>contient des sulfites<\/em><\/small><\/p>\n<\/p><\/div>\n<\/details>\n<details>\n<summary>\n      <span class=\"cdp-sum-left\"><br \/>\n        <span class=\"cdp-sum-ico\" aria-hidden=\"true\"><br \/>\n          <!-- ICON: Trophy --><br \/>\n          <svg viewBox=\"0 0 24 24\" fill=\"none\" stroke=\"currentColor\" stroke-width=\"1.8\" stroke-linecap=\"round\" stroke-linejoin=\"round\">\n            <path d=\"M6 9H4.5a2.5 2.5 A 0 0 1 0-5H6\"\/>\n            <path d=\"M18 9h1.5a2.5 2.5 0 0 0 0-5H18\"\/>\n            <path d=\"M4 22h16\"\/>\n            <path d=\"M10 14.66V17c0 .55-.47.98-.97 1.21C7.81 18.75 7 20.24 7 22\"\/>\n            <path d=\"M14 14.66V17c0 .55.47.98.97 1.21C16.19 18.75 17 20.24 17 22\"\/>\n            <path d=\"M18 2H6v7c0 1.1.9 2 2 2h8a2 2 0 0 0 2-2V2Z\"\/>\n          <\/svg><br \/>\n        <\/span><br \/>\n        <span class=\"cdp-sum-txt\">Distinctions<\/span><br \/>\n      <\/span><br \/>\n    <\/summary>\n<div class=\"cdp-panel\">\n<p>Vinum Rating (2025): 87 \/ 100<\/p>\n<\/p><\/div>\n<\/details>\n<details>\n<summary>\n       <span class=\"cdp-sum-left\"><br \/>\n        <span class=\"cdp-sum-ico\" aria-hidden=\"true\"><br \/>\n          <!-- ICON: Map Pin --><br \/>\n          <svg viewBox=\"0 0 24 24\" fill=\"none\" stroke=\"currentColor\" stroke-width=\"1.8\" stroke-linecap=\"round\" stroke-linejoin=\"round\">\n            <path d=\"M21 10c0 7-9 13-9 13s-9-6-9-13a9 9 0 0 1 18 0z\"><\/path>\n            <circle cx=\"12\" cy=\"10\" r=\"3\"><\/circle>\n          <\/svg><br \/>\n        <\/span><br \/>\n        <span class=\"cdp-sum-txt\">Livraison &#038; visite<\/span><br \/>\n      <\/span><br \/>\n    <\/summary>\n<div class=\"cdp-panel\">\n<p>livraison en 3 jours ouvrables partout en Suisse<br \/>\n        Prix de livraison inclus.<br \/>\n        Retrait au domaine \u00e0 Sierre possible.<br \/>\n        N\u2019h\u00e9sitez pas \u00e0 nous contacter pour une visite!<\/p>\n<\/p><\/div>\n<\/details>\n<\/div>\n","protected":false},"excerpt":{"rendered":"<div class=\"cdp-badges\">\n<div class=\"cdp-badge\"><span class=\"cdp-ico\" aria-hidden=\"true\"><br \/>\n<svg xmlns=\"http:\/\/www.w3.org\/2000\/svg\" width=\"24\" height=\"24\" viewBox=\"0 0 24 24\" fill=\"none\" stroke=\"currentColor\" stroke-width=\"2\" stroke-linecap=\"round\" stroke-linejoin=\"round\"><rect x=\"3\" y=\"4\" width=\"18\" height=\"18\" rx=\"2\" ry=\"2\"><\/rect><line x1=\"16\" y1=\"2\" x2=\"16\" y2=\"6\"><\/line><line x1=\"8\" y1=\"2\" x2=\"8\" y2=\"6\"><\/line><line x1=\"3\" y1=\"10\" x2=\"21\" y2=\"10\"><\/line><\/svg><br \/>\n<\/span><br \/>\n<strong>Mill\u00e9sime<\/strong> 2025<\/div>\n<p><!-- --><\/p>\n<div class=\"cdp-badge\"><span class=\"cdp-ico\" aria-hidden=\"true\"><br \/>\n<svg xmlns=\"http:\/\/www.w3.org\/2000\/svg\" width=\"24\" height=\"24\" viewBox=\"0 0 24 24\" fill=\"none\" stroke=\"currentColor\" stroke-width=\"2\" stroke-linecap=\"round\" stroke-linejoin=\"round\"><path d=\"m8 3 4 8 5-5 5 15H2L8 3z\"><\/path><\/svg><br \/>\n<\/span><br \/>\n<strong>Terroir<\/strong> Valais Central<\/div>\n<p><!-- --><\/p>\n<div class=\"cdp-badge\"><span class=\"cdp-ico\" aria-hidden=\"true\"><br \/>\n<svg xmlns=\"http:\/\/www.w3.org\/2000\/svg\" width=\"24\" height=\"24\" viewBox=\"0 0 24 24\" fill=\"none\" stroke=\"currentColor\" stroke-width=\"2\" stroke-linecap=\"round\" stroke-linejoin=\"round\"><path d=\"M2 9.5c0-3.03 2.47-5.5 5.5-5.5S13 6.47 13 9.5s-2.47 5.5-5.5 5.5S2 12.53 2 9.5z\"><\/path><path d=\"M13 9.5c0 3.04 2.47 5.5 5.5 5.5S24 12.54 24 9.5s-2.47-5.5-5.5-5.5\"><\/path><path d=\"M7.5 15c0 3.04 2.47 5.5 5.5 5.5s5.5-2.46 5.5-5.5\"><\/path><\/svg><br \/>\n<\/span><br \/>\n<strong>C\u00e9pages<\/strong> Diolinoir (Rouge de Diolly X Pinot Noir)<\/div>\n<p><!-- --><\/p>\n<div class=\"cdp-badge\"><span class=\"cdp-ico\" aria-hidden=\"true\"><br \/>\n<svg xmlns=\"http:\/\/www.w3.org\/2000\/svg\" width=\"24\" height=\"24\" viewBox=\"0 0 24 24\" fill=\"none\" stroke=\"currentColor\" stroke-width=\"2\" stroke-linecap=\"round\" stroke-linejoin=\"round\"><path d=\"M8 21h8\"><\/path><path d=\"M12 11v10\"><\/path><path d=\"M12 5C9.24 5 7 2.76 7 0h10c0 2.76-2.24 5-5 5z\"><\/path><path d=\"M19 5c0 4.4-3.13 8-7 8s-7-3.6-7-8\"><\/path><\/svg><br \/>\n<\/span><br \/>\n<strong>Accords<\/strong> Viandes rouges, chasse ou plateaux de fromages cors\u00e9s<\/div>\n<p><!-- --><\/p>\n<div class=\"cdp-badge\"><span class=\"cdp-ico\" aria-hidden=\"true\"><br \/>\n<svg xmlns=\"http:\/\/www.w3.org\/2000\/svg\" width=\"24\" height=\"24\" viewBox=\"0 0 24 24\" fill=\"none\" stroke=\"currentColor\" stroke-width=\"2\" stroke-linecap=\"round\" stroke-linejoin=\"round\"><polygon points=\"12 2 15.09 8.26 22 9.27 17 14.14 18.18 21.02 12 17.77 5.82 21.02 7 14.14 2 9.27 8.91 8.26 12 2\"><\/polygon><\/svg><br \/>\n<\/span><br \/>\n<strong>Mention<\/strong>  Vinum Rating (2025):  87 \/ 100<\/div>\n<\/div>\n","protected":false},"featured_media":11651,"template":"","meta":[],"product_brand":[],"product_cat":[43,44,41,54],"product_tag":[],"class_list":{"0":"post-11647","1":"product","2":"type-product","3":"status-publish","4":"has-post-thumbnail","6":"product_cat-specialites","7":"product_cat-specialites-vin-rouges","8":"product_cat-vins-en-bouteille","9":"product_cat-vins-rouges","10":"product_shipping_class-grandes-bouteilles","11":"pa_bottle-size-75cl-fr","13":"first","14":"instock","15":"shipping-taxable","16":"purchasable","17":"product-type-simple"},"yoast_head":"<!-- This site is optimized with the Yoast SEO plugin v27.0 - https:\/\/yoast.com\/product\/yoast-seo-wordpress\/ -->\n<title>Diolinoir - Caves du Paradis Olivier Roten<\/title>\n<meta name=\"robots\" content=\"index, follow, max-snippet:-1, max-image-preview:large, max-video-preview:-1\" \/>\n<link rel=\"canonical\" href=\"https:\/\/www.cavesduparadis.ch\/fr\/produit\/diolinoir\/\" \/>\n<meta property=\"og:locale\" content=\"fr_FR\" \/>\n<meta property=\"og:type\" content=\"article\" \/>\n<meta property=\"og:title\" content=\"Diolinoir - Caves du Paradis Olivier Roten\" \/>\n<meta property=\"og:description\" content=\"Mill\u00e9sime 2025     Terroir Valais Central     C\u00e9pages Diolinoir (Rouge de Diolly X Pinot Noir)     Accords Viandes rouges, chasse ou plateaux de fromages cors\u00e9s     Mention Vinum Rating (2025): 87 \/ 100\" \/>\n<meta property=\"og:url\" content=\"https:\/\/www.cavesduparadis.ch\/fr\/produit\/diolinoir\/\" \/>\n<meta property=\"og:site_name\" content=\"Caves du Paradis Olivier Roten\" \/>\n<meta property=\"article:publisher\" content=\"https:\/\/www.facebook.com\/cavesparadis\" \/>\n<meta property=\"article:modified_time\" content=\"2026-03-23T11:55:52+00:00\" \/>\n<meta property=\"og:image\" content=\"https:\/\/www.cavesduparadis.ch\/wp-content\/uploads\/Diolinoir-1.jpg\" \/>\n\t<meta property=\"og:image:width\" content=\"1867\" \/>\n\t<meta property=\"og:image:height\" content=\"1867\" \/>\n\t<meta property=\"og:image:type\" content=\"image\/jpeg\" \/>\n<meta name=\"twitter:card\" content=\"summary_large_image\" \/>\n<meta name=\"twitter:label1\" content=\"Dur\u00e9e de lecture estim\u00e9e\" \/>\n\t<meta name=\"twitter:data1\" content=\"2 minutes\" \/>\n<script type=\"application\/ld+json\" class=\"yoast-schema-graph\">{\"@context\":\"https:\/\/schema.org\",\"@graph\":[{\"@type\":\"WebPage\",\"@id\":\"https:\/\/www.cavesduparadis.ch\/fr\/produit\/diolinoir\/\",\"url\":\"https:\/\/www.cavesduparadis.ch\/fr\/produit\/diolinoir\/\",\"name\":\"Diolinoir - Caves du Paradis Olivier Roten\",\"isPartOf\":{\"@id\":\"https:\/\/www.cavesduparadis.ch\/#website\"},\"primaryImageOfPage\":{\"@id\":\"https:\/\/www.cavesduparadis.ch\/fr\/produit\/diolinoir\/#primaryimage\"},\"image\":{\"@id\":\"https:\/\/www.cavesduparadis.ch\/fr\/produit\/diolinoir\/#primaryimage\"},\"thumbnailUrl\":\"https:\/\/www.cavesduparadis.ch\/wp-content\/uploads\/Diolinoir-1.jpg\",\"datePublished\":\"2026-03-23T11:35:24+00:00\",\"dateModified\":\"2026-03-23T11:55:52+00:00\",\"breadcrumb\":{\"@id\":\"https:\/\/www.cavesduparadis.ch\/fr\/produit\/diolinoir\/#breadcrumb\"},\"inLanguage\":\"fr-FR\",\"potentialAction\":[{\"@type\":\"ReadAction\",\"target\":[\"https:\/\/www.cavesduparadis.ch\/fr\/produit\/diolinoir\/\"]}]},{\"@type\":\"ImageObject\",\"inLanguage\":\"fr-FR\",\"@id\":\"https:\/\/www.cavesduparadis.ch\/fr\/produit\/diolinoir\/#primaryimage\",\"url\":\"https:\/\/www.cavesduparadis.ch\/wp-content\/uploads\/Diolinoir-1.jpg\",\"contentUrl\":\"https:\/\/www.cavesduparadis.ch\/wp-content\/uploads\/Diolinoir-1.jpg\",\"width\":1867,\"height\":1867,\"caption\":\"Diolinoir\"},{\"@type\":\"BreadcrumbList\",\"@id\":\"https:\/\/www.cavesduparadis.ch\/fr\/produit\/diolinoir\/#breadcrumb\",\"itemListElement\":[{\"@type\":\"ListItem\",\"position\":1,\"name\":\"Startseite\",\"item\":\"https:\/\/www.cavesduparadis.ch\/fr\/caves-du-paradis-sierre-vins-du-valais\/\"},{\"@type\":\"ListItem\",\"position\":2,\"name\":\"Shop\",\"item\":\"https:\/\/www.cavesduparadis.ch\/shop\/\"},{\"@type\":\"ListItem\",\"position\":3,\"name\":\"Diolinoir\"}]},{\"@type\":\"WebSite\",\"@id\":\"https:\/\/www.cavesduparadis.ch\/#website\",\"url\":\"https:\/\/www.cavesduparadis.ch\/\",\"name\":\"Caves du Paradis Olivier Roten\",\"description\":\"Vins du Valais\",\"publisher\":{\"@id\":\"https:\/\/www.cavesduparadis.ch\/#organization\"},\"potentialAction\":[{\"@type\":\"SearchAction\",\"target\":{\"@type\":\"EntryPoint\",\"urlTemplate\":\"https:\/\/www.cavesduparadis.ch\/?s={search_term_string}\"},\"query-input\":{\"@type\":\"PropertyValueSpecification\",\"valueRequired\":true,\"valueName\":\"search_term_string\"}}],\"inLanguage\":\"fr-FR\"},{\"@type\":\"Organization\",\"@id\":\"https:\/\/www.cavesduparadis.ch\/#organization\",\"name\":\"Caves du Paradis\",\"url\":\"https:\/\/www.cavesduparadis.ch\/\",\"logo\":{\"@type\":\"ImageObject\",\"inLanguage\":\"fr-FR\",\"@id\":\"https:\/\/www.cavesduparadis.ch\/#\/schema\/logo\/image\/\",\"url\":\"https:\/\/www.cavesduparadis.ch\/wp-content\/uploads\/CdPOlivierRoten-2.png\",\"contentUrl\":\"https:\/\/www.cavesduparadis.ch\/wp-content\/uploads\/CdPOlivierRoten-2.png\",\"width\":498,\"height\":579,\"caption\":\"Caves du Paradis\"},\"image\":{\"@id\":\"https:\/\/www.cavesduparadis.ch\/#\/schema\/logo\/image\/\"},\"sameAs\":[\"https:\/\/www.facebook.com\/cavesparadis\"]}]}<\/script>\n<!-- \/ Yoast SEO plugin. -->","yoast_head_json":{"title":"Diolinoir - Caves du Paradis Olivier Roten","robots":{"index":"index","follow":"follow","max-snippet":"max-snippet:-1","max-image-preview":"max-image-preview:large","max-video-preview":"max-video-preview:-1"},"canonical":"https:\/\/www.cavesduparadis.ch\/fr\/produit\/diolinoir\/","og_locale":"fr_FR","og_type":"article","og_title":"Diolinoir - Caves du Paradis Olivier Roten","og_description":"Mill\u00e9sime 2025     Terroir Valais Central     C\u00e9pages Diolinoir (Rouge de Diolly X Pinot Noir)     Accords Viandes rouges, chasse ou plateaux de fromages cors\u00e9s     Mention Vinum Rating (2025): 87 \/ 100","og_url":"https:\/\/www.cavesduparadis.ch\/fr\/produit\/diolinoir\/","og_site_name":"Caves du Paradis Olivier Roten","article_publisher":"https:\/\/www.facebook.com\/cavesparadis","article_modified_time":"2026-03-23T11:55:52+00:00","og_image":[{"width":1867,"height":1867,"url":"https:\/\/www.cavesduparadis.ch\/wp-content\/uploads\/Diolinoir-1.jpg","type":"image\/jpeg"}],"twitter_card":"summary_large_image","twitter_misc":{"Dur\u00e9e de lecture estim\u00e9e":"2 minutes"},"schema":{"@context":"https:\/\/schema.org","@graph":[{"@type":"WebPage","@id":"https:\/\/www.cavesduparadis.ch\/fr\/produit\/diolinoir\/","url":"https:\/\/www.cavesduparadis.ch\/fr\/produit\/diolinoir\/","name":"Diolinoir - Caves du Paradis Olivier Roten","isPartOf":{"@id":"https:\/\/www.cavesduparadis.ch\/#website"},"primaryImageOfPage":{"@id":"https:\/\/www.cavesduparadis.ch\/fr\/produit\/diolinoir\/#primaryimage"},"image":{"@id":"https:\/\/www.cavesduparadis.ch\/fr\/produit\/diolinoir\/#primaryimage"},"thumbnailUrl":"https:\/\/www.cavesduparadis.ch\/wp-content\/uploads\/Diolinoir-1.jpg","datePublished":"2026-03-23T11:35:24+00:00","dateModified":"2026-03-23T11:55:52+00:00","breadcrumb":{"@id":"https:\/\/www.cavesduparadis.ch\/fr\/produit\/diolinoir\/#breadcrumb"},"inLanguage":"fr-FR","potentialAction":[{"@type":"ReadAction","target":["https:\/\/www.cavesduparadis.ch\/fr\/produit\/diolinoir\/"]}]},{"@type":"ImageObject","inLanguage":"fr-FR","@id":"https:\/\/www.cavesduparadis.ch\/fr\/produit\/diolinoir\/#primaryimage","url":"https:\/\/www.cavesduparadis.ch\/wp-content\/uploads\/Diolinoir-1.jpg","contentUrl":"https:\/\/www.cavesduparadis.ch\/wp-content\/uploads\/Diolinoir-1.jpg","width":1867,"height":1867,"caption":"Diolinoir"},{"@type":"BreadcrumbList","@id":"https:\/\/www.cavesduparadis.ch\/fr\/produit\/diolinoir\/#breadcrumb","itemListElement":[{"@type":"ListItem","position":1,"name":"Startseite","item":"https:\/\/www.cavesduparadis.ch\/fr\/caves-du-paradis-sierre-vins-du-valais\/"},{"@type":"ListItem","position":2,"name":"Shop","item":"https:\/\/www.cavesduparadis.ch\/shop\/"},{"@type":"ListItem","position":3,"name":"Diolinoir"}]},{"@type":"WebSite","@id":"https:\/\/www.cavesduparadis.ch\/#website","url":"https:\/\/www.cavesduparadis.ch\/","name":"Caves du Paradis Olivier Roten","description":"Vins du Valais","publisher":{"@id":"https:\/\/www.cavesduparadis.ch\/#organization"},"potentialAction":[{"@type":"SearchAction","target":{"@type":"EntryPoint","urlTemplate":"https:\/\/www.cavesduparadis.ch\/?s={search_term_string}"},"query-input":{"@type":"PropertyValueSpecification","valueRequired":true,"valueName":"search_term_string"}}],"inLanguage":"fr-FR"},{"@type":"Organization","@id":"https:\/\/www.cavesduparadis.ch\/#organization","name":"Caves du Paradis","url":"https:\/\/www.cavesduparadis.ch\/","logo":{"@type":"ImageObject","inLanguage":"fr-FR","@id":"https:\/\/www.cavesduparadis.ch\/#\/schema\/logo\/image\/","url":"https:\/\/www.cavesduparadis.ch\/wp-content\/uploads\/CdPOlivierRoten-2.png","contentUrl":"https:\/\/www.cavesduparadis.ch\/wp-content\/uploads\/CdPOlivierRoten-2.png","width":498,"height":579,"caption":"Caves du Paradis"},"image":{"@id":"https:\/\/www.cavesduparadis.ch\/#\/schema\/logo\/image\/"},"sameAs":["https:\/\/www.facebook.com\/cavesparadis"]}]}},"_links":{"self":[{"href":"https:\/\/www.cavesduparadis.ch\/fr\/wp-json\/wp\/v2\/product\/11647","targetHints":{"allow":["GET"]}}],"collection":[{"href":"https:\/\/www.cavesduparadis.ch\/fr\/wp-json\/wp\/v2\/product"}],"about":[{"href":"https:\/\/www.cavesduparadis.ch\/fr\/wp-json\/wp\/v2\/types\/product"}],"wp:featuredmedia":[{"embeddable":true,"href":"https:\/\/www.cavesduparadis.ch\/fr\/wp-json\/wp\/v2\/media\/11651"}],"wp:attachment":[{"href":"https:\/\/www.cavesduparadis.ch\/fr\/wp-json\/wp\/v2\/media?parent=11647"}],"wp:term":[{"taxonomy":"product_brand","embeddable":true,"href":"https:\/\/www.cavesduparadis.ch\/fr\/wp-json\/wp\/v2\/product_brand?post=11647"},{"taxonomy":"product_cat","embeddable":true,"href":"https:\/\/www.cavesduparadis.ch\/fr\/wp-json\/wp\/v2\/product_cat?post=11647"},{"taxonomy":"product_tag","embeddable":true,"href":"https:\/\/www.cavesduparadis.ch\/fr\/wp-json\/wp\/v2\/product_tag?post=11647"}],"curies":[{"name":"wp","href":"https:\/\/api.w.org\/{rel}","templated":true}]}}