{"id":1233,"date":"2014-12-20T18:23:19","date_gmt":"2014-12-20T16:23:19","guid":{"rendered":"http:\/\/www.cavesduparadis.ch\/shop\/unkategorisiert\/garanoir-2\/"},"modified":"2026-03-23T14:25:27","modified_gmt":"2026-03-23T12:25:27","slug":"garanoir","status":"publish","type":"product","link":"https:\/\/www.cavesduparadis.ch\/fr\/produit\/garanoir\/","title":{"rendered":"Garanoir"},"content":{"rendered":"<div class=\"cdp-accordion\">\n<details open>\n<summary>\n      <span class=\"cdp-sum-left\"><br \/>\n        <span class=\"cdp-sum-ico\" aria-hidden=\"true\"><br \/>\n          <!-- ICON: Book Open --><br \/>\n          <svg viewBox=\"0 0 24 24\" fill=\"none\" stroke=\"currentColor\" stroke-width=\"1.8\" stroke-linecap=\"round\" stroke-linejoin=\"round\">\n            <path d=\"M2 3h6a4 4 0 0 1 4 4v14a3 3 0 0 0-3-3H2z\"><\/path>\n            <path d=\"M22 3h-6a4 4 0 0 0-4 4v14a3 3 0 0 1 3-3h7z\"><\/path>\n          <\/svg><br \/>\n        <\/span><br \/>\n        <span class=\"cdp-sum-txt\">Description<\/span><br \/>\n      <\/span><br \/>\n    <\/summary>\n<div class=\"cdp-panel\">\n<p>Ce c\u00e9page cultiv\u00e9 en Suisse depuis 1970 est issu d\u2019un croisement de Gamay et de Reichensteiner. Il n&rsquo;est cultiv\u00e9 que sur une vingtaine d&rsquo;hectares en Valais. Il donne des vins fruit\u00e9s d&rsquo;une grande \u00e9l\u00e9gance avec des tannins assez souples.<\/p>\n<\/p><\/div>\n<\/details>\n<details>\n<summary>\n      <span class=\"cdp-sum-left\"><br \/>\n        <span class=\"cdp-sum-ico\" aria-hidden=\"true\"><br \/>\n          <!-- ICON: Wine Glass --><br \/>\n          <svg viewBox=\"0 0 24 24\" fill=\"none\" stroke=\"currentColor\" stroke-width=\"1.8\" stroke-linecap=\"round\" stroke-linejoin=\"round\">\n            <path d=\"M8 22h8\"><\/path>\n            <path d=\"M12 11v11\"><\/path>\n            <path d=\"M18.32 7.68a5 5 0 0 1-12.64 0\"><\/path>\n          <\/svg><br \/>\n        <\/span><br \/>\n        <span class=\"cdp-sum-txt\">D\u00e9gustation &#038; Occasion<\/span><br \/>\n      <\/span><br \/>\n    <\/summary>\n<div class=\"cdp-panel\">\n<p>Robe: Tr\u00e8s color\u00e9e.<\/p>\n<p>Nez: Fruit\u00e9 et \u00e9pic\u00e9, ar\u00f4mes de m\u00fbre sauvage, cerises noires et poivre.<\/p>\n<p>Bouche: Souple, avec des tanins puissants et enrob\u00e9s.<\/p>\n<p>Occasion: C\u00f4te de boeuf, viandes grill\u00e9es au feu de bois, agneau et plateau de fromages.<\/p>\n<\/p><\/div>\n<\/details>\n<details>\n<summary>\n      <span class=\"cdp-sum-left\"><br \/>\n        <span class=\"cdp-sum-ico\" aria-hidden=\"true\"><br \/>\n          <!-- ICON: Sliders --><br \/>\n          <svg viewBox=\"0 0 24 24\" fill=\"none\" stroke=\"currentColor\" stroke-width=\"1.8\" stroke-linecap=\"round\" stroke-linejoin=\"round\">\n            <line x1=\"4\" y1=\"21\" x2=\"4\" y2=\"14\"><\/line>\n            <line x1=\"4\" y1=\"10\" x2=\"4\" y2=\"3\"><\/line>\n            <line x1=\"12\" y1=\"21\" x2=\"12\" y2=\"12\"><\/line>\n            <line x1=\"12\" y1=\"8\" x2=\"12\" y2=\"3\"><\/line>\n            <line x1=\"20\" y1=\"21\" x2=\"20\" y2=\"16\"><\/line>\n            <line x1=\"20\" y1=\"12\" x2=\"20\" y2=\"3\"><\/line>\n            <line x1=\"1\" y1=\"14\" x2=\"7\" y2=\"14\"><\/line>\n            <line x1=\"9\" y1=\"8\" x2=\"15\" y2=\"8\"><\/line>\n            <line x1=\"17\" y1=\"16\" x2=\"23\" y2=\"16\"><\/line>\n          <\/svg><br \/>\n        <\/span><br \/>\n        <span class=\"cdp-sum-txt\">Fiche technique<\/span><br \/>\n      <\/span><br \/>\n    <\/summary>\n<div class=\"cdp-panel\">\n<ul>\n<li><strong>C\u00e9pages<\/strong> : Garanoir<\/li>\n<li><strong>\u00c9levage<\/strong> : En cuve inox<\/li>\n<li><strong>Origine<\/strong> : Coteaux de Sierre &#8211; Mi\u00e8ge<\/li>\n<li><strong>Teneur en alcool<\/strong> : 13 % Vol.<\/li>\n<li><strong>Service<\/strong> : 14 \u00b0C<\/li>\n<li><strong>Potentiel de garde<\/strong> : 5 \u00e0 7 ans<\/li>\n<li><strong>Accords mets &#038; vins<\/strong> : C\u00f4te de boeuf, viandes grill\u00e9es, agneau, fromages<\/li>\n<\/ul>\n<p><\/p>\n<p><small><em>contient des sulfites<\/em><\/small><\/p>\n<\/p><\/div>\n<\/details>\n<details>\n<summary>\n       <span class=\"cdp-sum-left\"><br \/>\n        <span class=\"cdp-sum-ico\" aria-hidden=\"true\"><br \/>\n          <!-- ICON: Map Pin --><br \/>\n          <svg viewBox=\"0 0 24 24\" fill=\"none\" stroke=\"currentColor\" stroke-width=\"1.8\" stroke-linecap=\"round\" stroke-linejoin=\"round\">\n            <path d=\"M21 10c0 7-9 13-9 13s-9-6-9-13a9 9 0 0 1 18 0z\"><\/path>\n            <circle cx=\"12\" cy=\"10\" r=\"3\"><\/circle>\n          <\/svg><br \/>\n        <\/span><br \/>\n        <span class=\"cdp-sum-txt\">Livraison &#038; visite<\/span><br \/>\n      <\/span><br \/>\n    <\/summary>\n<div class=\"cdp-panel\">\n<p>Livraison en 3 jours ouvrables partout en Suisse.<br \/>\n        Prix de livraison inclus.<br \/>\n        Retrait au domaine \u00e0 Sierre possible.<br \/>\n        N\u2019h\u00e9sitez pas \u00e0 nous contacter pour une visite!<\/p>\n<\/p><\/div>\n<\/details>\n<\/div>\n","protected":false},"excerpt":{"rendered":"<div class=\"cdp-badges\">\n<div class=\"cdp-badge\"><span class=\"cdp-ico\" aria-hidden=\"true\"><br \/>\n<svg xmlns=\"http:\/\/www.w3.org\/2000\/svg\" width=\"24\" height=\"24\" viewBox=\"0 0 24 24\" fill=\"none\" stroke=\"currentColor\" stroke-width=\"2\" stroke-linecap=\"round\" stroke-linejoin=\"round\"><rect x=\"3\" y=\"4\" width=\"18\" height=\"18\" rx=\"2\" ry=\"2\"><\/rect><line x1=\"16\" y1=\"2\" x2=\"16\" y2=\"6\"><\/line><line x1=\"8\" y1=\"2\" x2=\"8\" y2=\"6\"><\/line><line x1=\"3\" y1=\"10\" x2=\"21\" y2=\"10\"><\/line><\/svg><br \/>\n<\/span><br \/>\n<strong>Mill\u00e9sime<\/strong> 2024<\/div>\n<p><!-- --><\/p>\n<div class=\"cdp-badge\"><span class=\"cdp-ico\" aria-hidden=\"true\"><br \/>\n<svg xmlns=\"http:\/\/www.w3.org\/2000\/svg\" width=\"24\" height=\"24\" viewBox=\"0 0 24 24\" fill=\"none\" stroke=\"currentColor\" stroke-width=\"2\" stroke-linecap=\"round\" stroke-linejoin=\"round\"><path d=\"m8 3 4 8 5-5 5 15H2L8 3z\"><\/path><\/svg><br \/>\n<\/span><br \/>\n<strong>Terroir<\/strong> Mi\u00e8ge 800m, Sols argilo-calcaires<\/div>\n<p><!-- --><\/p>\n<div class=\"cdp-badge\"><span class=\"cdp-ico\" aria-hidden=\"true\"><br \/>\n<svg xmlns=\"http:\/\/www.w3.org\/2000\/svg\" width=\"24\" height=\"24\" viewBox=\"0 0 24 24\" fill=\"none\" stroke=\"currentColor\" stroke-width=\"2\" stroke-linecap=\"round\" stroke-linejoin=\"round\"><path d=\"M2 9.5c0-3.03 2.47-5.5 5.5-5.5S13 6.47 13 9.5s-2.47 5.5-5.5 5.5S2 12.53 2 9.5z\"><\/path><path d=\"M13 9.5c0 3.04 2.47 5.5 5.5 5.5S24 12.54 24 9.5s-2.47-5.5-5.5-5.5\"><\/path><path d=\"M7.5 15c0 3.04 2.47 5.5 5.5 5.5s5.5-2.46 5.5-5.5\"><\/path><\/svg><br \/>\n<\/span><br \/>\n<strong>C\u00e9pages<\/strong> Garanoir (Gamay X Reichensteiner) <\/div>\n<p><!-- --><\/p>\n<div class=\"cdp-badge\"><span class=\"cdp-ico\" aria-hidden=\"true\"><br \/>\n<svg xmlns=\"http:\/\/www.w3.org\/2000\/svg\" width=\"24\" height=\"24\" viewBox=\"0 0 24 24\" fill=\"none\" stroke=\"currentColor\" stroke-width=\"2\" stroke-linecap=\"round\" stroke-linejoin=\"round\"><path d=\"M8 21h8\"><\/path><path d=\"M12 11v10\"><\/path><path d=\"M12 5C9.24 5 7 2.76 7 0h10c0 2.76-2.24 5-5 5z\"><\/path><path d=\"M19 5c0 4.4-3.13 8-7 8s-7-3.6-7-8\"><\/path><\/svg><br \/>\n<\/span><br \/>\n<strong>Accords<\/strong> Ap\u00e9ritif, viandes blanches, Grillade<\/div>\n<p><!-- --><\/p>\n<div class=\"cdp-badge\"><span class=\"cdp-ico\" aria-hidden=\"true\"><br \/>\n<svg xmlns=\"http:\/\/www.w3.org\/2000\/svg\" width=\"24\" height=\"24\" viewBox=\"0 0 24 24\" fill=\"none\" stroke=\"currentColor\" stroke-width=\"2\" stroke-linecap=\"round\" stroke-linejoin=\"round\"><polygon points=\"12 2 15.09 8.26 22 9.27 17 14.14 18.18 21.02 12 17.77 5.82 21.02 7 14.14 2 9.27 8.91 8.26 12 2\"><\/polygon><\/svg><br \/>\n<\/span><br \/>\n<strong>Particularit\u00e9s<\/strong> Uniquement 17ha en Valais<\/div>\n<\/div>\n","protected":false},"featured_media":6823,"template":"","meta":[],"product_brand":[],"product_cat":[43,44,41,54],"product_tag":[],"class_list":{"0":"post-1233","1":"product","2":"type-product","3":"status-publish","4":"has-post-thumbnail","6":"product_cat-specialites","7":"product_cat-specialites-vin-rouges","8":"product_cat-vins-en-bouteille","9":"product_cat-vins-rouges","10":"product_shipping_class-grandes-bouteilles","11":"pa_bottle-size-75cl-fr","13":"first","14":"instock","15":"shipping-taxable","16":"purchasable","17":"product-type-simple"},"yoast_head":"<!-- This site is optimized with the Yoast SEO plugin v27.0 - https:\/\/yoast.com\/product\/yoast-seo-wordpress\/ -->\n<title>Garanoir - Caves du Paradis Olivier Roten<\/title>\n<meta name=\"robots\" content=\"index, follow, max-snippet:-1, max-image-preview:large, max-video-preview:-1\" \/>\n<link rel=\"canonical\" href=\"https:\/\/www.cavesduparadis.ch\/fr\/produit\/garanoir\/\" \/>\n<meta property=\"og:locale\" content=\"fr_FR\" \/>\n<meta property=\"og:type\" content=\"article\" \/>\n<meta property=\"og:title\" content=\"Garanoir - Caves du Paradis Olivier Roten\" \/>\n<meta property=\"og:description\" content=\"Mill\u00e9sime 2024     Terroir Mi\u00e8ge 800m, Sols argilo-calcaires     C\u00e9pages Garanoir (Gamay X Reichensteiner)      Accords Ap\u00e9ritif, viandes blanches, Grillade     Particularit\u00e9s Uniquement 17ha en Valais\" \/>\n<meta property=\"og:url\" content=\"https:\/\/www.cavesduparadis.ch\/fr\/produit\/garanoir\/\" \/>\n<meta property=\"og:site_name\" content=\"Caves du Paradis Olivier Roten\" \/>\n<meta property=\"article:publisher\" content=\"https:\/\/www.facebook.com\/cavesparadis\" \/>\n<meta property=\"article:modified_time\" content=\"2026-03-23T12:25:27+00:00\" \/>\n<meta property=\"og:image\" content=\"https:\/\/www.cavesduparadis.ch\/wp-content\/uploads\/Garanoir-75cl-1.jpg\" \/>\n\t<meta property=\"og:image:width\" content=\"1400\" \/>\n\t<meta property=\"og:image:height\" content=\"1400\" \/>\n\t<meta property=\"og:image:type\" content=\"image\/jpeg\" \/>\n<meta name=\"twitter:card\" content=\"summary_large_image\" \/>\n<meta name=\"twitter:label1\" content=\"Dur\u00e9e de lecture estim\u00e9e\" \/>\n\t<meta name=\"twitter:data1\" content=\"2 minutes\" \/>\n<script type=\"application\/ld+json\" class=\"yoast-schema-graph\">{\"@context\":\"https:\/\/schema.org\",\"@graph\":[{\"@type\":\"WebPage\",\"@id\":\"https:\/\/www.cavesduparadis.ch\/fr\/produit\/garanoir\/\",\"url\":\"https:\/\/www.cavesduparadis.ch\/fr\/produit\/garanoir\/\",\"name\":\"Garanoir - Caves du Paradis Olivier Roten\",\"isPartOf\":{\"@id\":\"https:\/\/www.cavesduparadis.ch\/#website\"},\"primaryImageOfPage\":{\"@id\":\"https:\/\/www.cavesduparadis.ch\/fr\/produit\/garanoir\/#primaryimage\"},\"image\":{\"@id\":\"https:\/\/www.cavesduparadis.ch\/fr\/produit\/garanoir\/#primaryimage\"},\"thumbnailUrl\":\"https:\/\/www.cavesduparadis.ch\/wp-content\/uploads\/Garanoir-75cl-1.jpg\",\"datePublished\":\"2014-12-20T16:23:19+00:00\",\"dateModified\":\"2026-03-23T12:25:27+00:00\",\"breadcrumb\":{\"@id\":\"https:\/\/www.cavesduparadis.ch\/fr\/produit\/garanoir\/#breadcrumb\"},\"inLanguage\":\"fr-FR\",\"potentialAction\":[{\"@type\":\"ReadAction\",\"target\":[\"https:\/\/www.cavesduparadis.ch\/fr\/produit\/garanoir\/\"]}]},{\"@type\":\"ImageObject\",\"inLanguage\":\"fr-FR\",\"@id\":\"https:\/\/www.cavesduparadis.ch\/fr\/produit\/garanoir\/#primaryimage\",\"url\":\"https:\/\/www.cavesduparadis.ch\/wp-content\/uploads\/Garanoir-75cl-1.jpg\",\"contentUrl\":\"https:\/\/www.cavesduparadis.ch\/wp-content\/uploads\/Garanoir-75cl-1.jpg\",\"width\":1400,\"height\":1400,\"caption\":\"Garanoir 75cl\"},{\"@type\":\"BreadcrumbList\",\"@id\":\"https:\/\/www.cavesduparadis.ch\/fr\/produit\/garanoir\/#breadcrumb\",\"itemListElement\":[{\"@type\":\"ListItem\",\"position\":1,\"name\":\"Startseite\",\"item\":\"https:\/\/www.cavesduparadis.ch\/fr\/caves-du-paradis-sierre-vins-du-valais\/\"},{\"@type\":\"ListItem\",\"position\":2,\"name\":\"Shop\",\"item\":\"https:\/\/www.cavesduparadis.ch\/shop\/\"},{\"@type\":\"ListItem\",\"position\":3,\"name\":\"Garanoir\"}]},{\"@type\":\"WebSite\",\"@id\":\"https:\/\/www.cavesduparadis.ch\/#website\",\"url\":\"https:\/\/www.cavesduparadis.ch\/\",\"name\":\"Caves du Paradis Olivier Roten\",\"description\":\"Vins du Valais\",\"publisher\":{\"@id\":\"https:\/\/www.cavesduparadis.ch\/#organization\"},\"potentialAction\":[{\"@type\":\"SearchAction\",\"target\":{\"@type\":\"EntryPoint\",\"urlTemplate\":\"https:\/\/www.cavesduparadis.ch\/?s={search_term_string}\"},\"query-input\":{\"@type\":\"PropertyValueSpecification\",\"valueRequired\":true,\"valueName\":\"search_term_string\"}}],\"inLanguage\":\"fr-FR\"},{\"@type\":\"Organization\",\"@id\":\"https:\/\/www.cavesduparadis.ch\/#organization\",\"name\":\"Caves du Paradis\",\"url\":\"https:\/\/www.cavesduparadis.ch\/\",\"logo\":{\"@type\":\"ImageObject\",\"inLanguage\":\"fr-FR\",\"@id\":\"https:\/\/www.cavesduparadis.ch\/#\/schema\/logo\/image\/\",\"url\":\"https:\/\/www.cavesduparadis.ch\/wp-content\/uploads\/CdPOlivierRoten-2.png\",\"contentUrl\":\"https:\/\/www.cavesduparadis.ch\/wp-content\/uploads\/CdPOlivierRoten-2.png\",\"width\":498,\"height\":579,\"caption\":\"Caves du Paradis\"},\"image\":{\"@id\":\"https:\/\/www.cavesduparadis.ch\/#\/schema\/logo\/image\/\"},\"sameAs\":[\"https:\/\/www.facebook.com\/cavesparadis\"]}]}<\/script>\n<!-- \/ Yoast SEO plugin. -->","yoast_head_json":{"title":"Garanoir - Caves du Paradis Olivier Roten","robots":{"index":"index","follow":"follow","max-snippet":"max-snippet:-1","max-image-preview":"max-image-preview:large","max-video-preview":"max-video-preview:-1"},"canonical":"https:\/\/www.cavesduparadis.ch\/fr\/produit\/garanoir\/","og_locale":"fr_FR","og_type":"article","og_title":"Garanoir - Caves du Paradis Olivier Roten","og_description":"Mill\u00e9sime 2024     Terroir Mi\u00e8ge 800m, Sols argilo-calcaires     C\u00e9pages Garanoir (Gamay X Reichensteiner)      Accords Ap\u00e9ritif, viandes blanches, Grillade     Particularit\u00e9s Uniquement 17ha en Valais","og_url":"https:\/\/www.cavesduparadis.ch\/fr\/produit\/garanoir\/","og_site_name":"Caves du Paradis Olivier Roten","article_publisher":"https:\/\/www.facebook.com\/cavesparadis","article_modified_time":"2026-03-23T12:25:27+00:00","og_image":[{"width":1400,"height":1400,"url":"https:\/\/www.cavesduparadis.ch\/wp-content\/uploads\/Garanoir-75cl-1.jpg","type":"image\/jpeg"}],"twitter_card":"summary_large_image","twitter_misc":{"Dur\u00e9e de lecture estim\u00e9e":"2 minutes"},"schema":{"@context":"https:\/\/schema.org","@graph":[{"@type":"WebPage","@id":"https:\/\/www.cavesduparadis.ch\/fr\/produit\/garanoir\/","url":"https:\/\/www.cavesduparadis.ch\/fr\/produit\/garanoir\/","name":"Garanoir - Caves du Paradis Olivier Roten","isPartOf":{"@id":"https:\/\/www.cavesduparadis.ch\/#website"},"primaryImageOfPage":{"@id":"https:\/\/www.cavesduparadis.ch\/fr\/produit\/garanoir\/#primaryimage"},"image":{"@id":"https:\/\/www.cavesduparadis.ch\/fr\/produit\/garanoir\/#primaryimage"},"thumbnailUrl":"https:\/\/www.cavesduparadis.ch\/wp-content\/uploads\/Garanoir-75cl-1.jpg","datePublished":"2014-12-20T16:23:19+00:00","dateModified":"2026-03-23T12:25:27+00:00","breadcrumb":{"@id":"https:\/\/www.cavesduparadis.ch\/fr\/produit\/garanoir\/#breadcrumb"},"inLanguage":"fr-FR","potentialAction":[{"@type":"ReadAction","target":["https:\/\/www.cavesduparadis.ch\/fr\/produit\/garanoir\/"]}]},{"@type":"ImageObject","inLanguage":"fr-FR","@id":"https:\/\/www.cavesduparadis.ch\/fr\/produit\/garanoir\/#primaryimage","url":"https:\/\/www.cavesduparadis.ch\/wp-content\/uploads\/Garanoir-75cl-1.jpg","contentUrl":"https:\/\/www.cavesduparadis.ch\/wp-content\/uploads\/Garanoir-75cl-1.jpg","width":1400,"height":1400,"caption":"Garanoir 75cl"},{"@type":"BreadcrumbList","@id":"https:\/\/www.cavesduparadis.ch\/fr\/produit\/garanoir\/#breadcrumb","itemListElement":[{"@type":"ListItem","position":1,"name":"Startseite","item":"https:\/\/www.cavesduparadis.ch\/fr\/caves-du-paradis-sierre-vins-du-valais\/"},{"@type":"ListItem","position":2,"name":"Shop","item":"https:\/\/www.cavesduparadis.ch\/shop\/"},{"@type":"ListItem","position":3,"name":"Garanoir"}]},{"@type":"WebSite","@id":"https:\/\/www.cavesduparadis.ch\/#website","url":"https:\/\/www.cavesduparadis.ch\/","name":"Caves du Paradis Olivier Roten","description":"Vins du Valais","publisher":{"@id":"https:\/\/www.cavesduparadis.ch\/#organization"},"potentialAction":[{"@type":"SearchAction","target":{"@type":"EntryPoint","urlTemplate":"https:\/\/www.cavesduparadis.ch\/?s={search_term_string}"},"query-input":{"@type":"PropertyValueSpecification","valueRequired":true,"valueName":"search_term_string"}}],"inLanguage":"fr-FR"},{"@type":"Organization","@id":"https:\/\/www.cavesduparadis.ch\/#organization","name":"Caves du Paradis","url":"https:\/\/www.cavesduparadis.ch\/","logo":{"@type":"ImageObject","inLanguage":"fr-FR","@id":"https:\/\/www.cavesduparadis.ch\/#\/schema\/logo\/image\/","url":"https:\/\/www.cavesduparadis.ch\/wp-content\/uploads\/CdPOlivierRoten-2.png","contentUrl":"https:\/\/www.cavesduparadis.ch\/wp-content\/uploads\/CdPOlivierRoten-2.png","width":498,"height":579,"caption":"Caves du Paradis"},"image":{"@id":"https:\/\/www.cavesduparadis.ch\/#\/schema\/logo\/image\/"},"sameAs":["https:\/\/www.facebook.com\/cavesparadis"]}]}},"_links":{"self":[{"href":"https:\/\/www.cavesduparadis.ch\/fr\/wp-json\/wp\/v2\/product\/1233","targetHints":{"allow":["GET"]}}],"collection":[{"href":"https:\/\/www.cavesduparadis.ch\/fr\/wp-json\/wp\/v2\/product"}],"about":[{"href":"https:\/\/www.cavesduparadis.ch\/fr\/wp-json\/wp\/v2\/types\/product"}],"wp:featuredmedia":[{"embeddable":true,"href":"https:\/\/www.cavesduparadis.ch\/fr\/wp-json\/wp\/v2\/media\/6823"}],"wp:attachment":[{"href":"https:\/\/www.cavesduparadis.ch\/fr\/wp-json\/wp\/v2\/media?parent=1233"}],"wp:term":[{"taxonomy":"product_brand","embeddable":true,"href":"https:\/\/www.cavesduparadis.ch\/fr\/wp-json\/wp\/v2\/product_brand?post=1233"},{"taxonomy":"product_cat","embeddable":true,"href":"https:\/\/www.cavesduparadis.ch\/fr\/wp-json\/wp\/v2\/product_cat?post=1233"},{"taxonomy":"product_tag","embeddable":true,"href":"https:\/\/www.cavesduparadis.ch\/fr\/wp-json\/wp\/v2\/product_tag?post=1233"}],"curies":[{"name":"wp","href":"https:\/\/api.w.org\/{rel}","templated":true}]}}