{"id":1234,"date":"2014-12-20T18:04:23","date_gmt":"2014-12-20T16:04:23","guid":{"rendered":"http:\/\/www.cavesduparadis.ch\/shop\/unkategorisiert\/gamaret-2\/"},"modified":"2026-02-03T00:23:01","modified_gmt":"2026-02-02T22:23:01","slug":"gamaret","status":"publish","type":"product","link":"https:\/\/www.cavesduparadis.ch\/fr\/produit\/gamaret\/","title":{"rendered":"Gamaret"},"content":{"rendered":"<p><strong>Gamaret\u00a0AOC Valais<\/strong><\/p>\n<p>Issu d&rsquo;un croisement de Gamay et de Reichensteiner, ce vin a trouv\u00e9 une bonne place parmi les sp\u00e9cialit\u00e9s valaisannes. Le raisin donne des vins assez souples ; cultiv\u00e9 \u00e0 mi-coteau, il fait partie des vins puissants et souples du Valais et gagne \u00e0 \u00eatre connu de chaque oenophile.<\/p>\n<p><strong>Degustation<\/strong><\/p>\n<p>Robe tr\u00e8s color\u00e9e et soutenue ; au nez assez fruit\u00e9 ; belle rondeur et beaucoup de richesse au palais, il est \u00e9pic\u00e9 et charnu ; un vin d&rsquo;un grand \u00e9quilibre qui peut se garder assez longtemps.<\/p>\n<p><strong>Gastronomie<\/strong><\/p>\n<p>Avec viandes grill\u00e9es, gibier, plateau de fromages ou comme vin \u00e0 go\u00fbter devant un feu de bois.<\/p>\n<p><strong>Stockage et service<\/strong><\/p>\n<p>Temps de garde: 4 \u00e0 6 ans<\/p>\n<p>Temp id\u00e9ale de service: 14 \u00b0C<\/p>\n<p><strong>Rep\u00e8res oenologiques<\/strong><\/p>\n<p>Vinification: Mac\u00e9ration intense, \u00e9lev\u00e9 en cuve inox<\/p>\n<p>Degr\u00e9s Oechsl\u00e9 du raisin: 98 \u00b0Oe<\/p>\n<p>Production moyenne: 900 g\/m2<\/p>\n<p>C\u00e9page: Gamaret<\/p>\n<p>Origine: Coteau de Sierre; production int\u00e9gr\u00e9e<\/p>\n<p>Teneur en alcool: 13 % Vol.<\/p>\n","protected":false},"excerpt":{"rendered":"<p>50 cl, 75 cl<\/p>\n","protected":false},"featured_media":7695,"template":"","meta":[],"product_brand":[],"product_cat":[43,44,41,54],"product_tag":[],"class_list":{"0":"post-1234","1":"product","2":"type-product","3":"status-publish","4":"has-post-thumbnail","6":"product_cat-specialites","7":"product_cat-specialites-vin-rouges","8":"product_cat-vins-en-bouteille","9":"product_cat-vins-rouges","10":"pa_bottle-size-50cl-fr","11":"pa_bottle-size-75cl-fr","13":"first","14":"instock","15":"shipping-taxable","16":"purchasable","17":"product-type-variable","18":"has-default-attributes"},"yoast_head":"<!-- This site is optimized with the Yoast SEO plugin v27.0 - https:\/\/yoast.com\/product\/yoast-seo-wordpress\/ -->\n<title>Gamaret - Caves du Paradis Olivier Roten<\/title>\n<meta name=\"robots\" content=\"index, follow, max-snippet:-1, max-image-preview:large, max-video-preview:-1\" \/>\n<link rel=\"canonical\" href=\"https:\/\/www.cavesduparadis.ch\/produit\/gamaret\/\" \/>\n<meta property=\"og:locale\" content=\"fr_FR\" \/>\n<meta property=\"og:type\" content=\"article\" \/>\n<meta property=\"og:title\" content=\"Gamaret - Caves du Paradis Olivier Roten\" \/>\n<meta property=\"og:description\" content=\"50 cl, 75 cl\" \/>\n<meta property=\"og:url\" content=\"https:\/\/www.cavesduparadis.ch\/produit\/gamaret\/\" \/>\n<meta property=\"og:site_name\" content=\"Caves du Paradis Olivier Roten\" \/>\n<meta property=\"article:publisher\" content=\"https:\/\/www.facebook.com\/cavesparadis\" \/>\n<meta property=\"article:modified_time\" content=\"2026-02-02T22:23:01+00:00\" \/>\n<meta property=\"og:image\" content=\"https:\/\/www.cavesduparadis.ch\/wp-content\/uploads\/Gamaret-2.jpg\" \/>\n\t<meta property=\"og:image:width\" content=\"1866\" \/>\n\t<meta property=\"og:image:height\" content=\"1867\" \/>\n\t<meta property=\"og:image:type\" content=\"image\/jpeg\" \/>\n<meta name=\"twitter:card\" content=\"summary_large_image\" \/>\n<meta name=\"twitter:label1\" content=\"Dur\u00e9e de lecture estim\u00e9e\" \/>\n\t<meta name=\"twitter:data1\" content=\"1 minute\" \/>\n<script type=\"application\/ld+json\" class=\"yoast-schema-graph\">{\"@context\":\"https:\/\/schema.org\",\"@graph\":[{\"@type\":\"WebPage\",\"@id\":\"https:\/\/www.cavesduparadis.ch\/produit\/gamaret\/\",\"url\":\"https:\/\/www.cavesduparadis.ch\/produit\/gamaret\/\",\"name\":\"Gamaret - Caves du Paradis Olivier Roten\",\"isPartOf\":{\"@id\":\"https:\/\/www.cavesduparadis.ch\/#website\"},\"primaryImageOfPage\":{\"@id\":\"https:\/\/www.cavesduparadis.ch\/produit\/gamaret\/#primaryimage\"},\"image\":{\"@id\":\"https:\/\/www.cavesduparadis.ch\/produit\/gamaret\/#primaryimage\"},\"thumbnailUrl\":\"https:\/\/www.cavesduparadis.ch\/wp-content\/uploads\/Gamaret-2.jpg\",\"datePublished\":\"2014-12-20T16:04:23+00:00\",\"dateModified\":\"2026-02-02T22:23:01+00:00\",\"breadcrumb\":{\"@id\":\"https:\/\/www.cavesduparadis.ch\/produit\/gamaret\/#breadcrumb\"},\"inLanguage\":\"fr-FR\",\"potentialAction\":[{\"@type\":\"ReadAction\",\"target\":[\"https:\/\/www.cavesduparadis.ch\/produit\/gamaret\/\"]}]},{\"@type\":\"ImageObject\",\"inLanguage\":\"fr-FR\",\"@id\":\"https:\/\/www.cavesduparadis.ch\/produit\/gamaret\/#primaryimage\",\"url\":\"https:\/\/www.cavesduparadis.ch\/wp-content\/uploads\/Gamaret-2.jpg\",\"contentUrl\":\"https:\/\/www.cavesduparadis.ch\/wp-content\/uploads\/Gamaret-2.jpg\",\"width\":1866,\"height\":1867,\"caption\":\"gamaret\"},{\"@type\":\"BreadcrumbList\",\"@id\":\"https:\/\/www.cavesduparadis.ch\/produit\/gamaret\/#breadcrumb\",\"itemListElement\":[{\"@type\":\"ListItem\",\"position\":1,\"name\":\"Startseite\",\"item\":\"https:\/\/www.cavesduparadis.ch\/fr\/caves-du-paradis-sierre-vins-du-valais\/\"},{\"@type\":\"ListItem\",\"position\":2,\"name\":\"Shop\",\"item\":\"https:\/\/www.cavesduparadis.ch\/shop\/\"},{\"@type\":\"ListItem\",\"position\":3,\"name\":\"Gamaret\"}]},{\"@type\":\"WebSite\",\"@id\":\"https:\/\/www.cavesduparadis.ch\/#website\",\"url\":\"https:\/\/www.cavesduparadis.ch\/\",\"name\":\"Caves du Paradis Olivier Roten\",\"description\":\"Vins du Valais\",\"publisher\":{\"@id\":\"https:\/\/www.cavesduparadis.ch\/#organization\"},\"potentialAction\":[{\"@type\":\"SearchAction\",\"target\":{\"@type\":\"EntryPoint\",\"urlTemplate\":\"https:\/\/www.cavesduparadis.ch\/?s={search_term_string}\"},\"query-input\":{\"@type\":\"PropertyValueSpecification\",\"valueRequired\":true,\"valueName\":\"search_term_string\"}}],\"inLanguage\":\"fr-FR\"},{\"@type\":\"Organization\",\"@id\":\"https:\/\/www.cavesduparadis.ch\/#organization\",\"name\":\"Caves du Paradis\",\"url\":\"https:\/\/www.cavesduparadis.ch\/\",\"logo\":{\"@type\":\"ImageObject\",\"inLanguage\":\"fr-FR\",\"@id\":\"https:\/\/www.cavesduparadis.ch\/#\/schema\/logo\/image\/\",\"url\":\"https:\/\/www.cavesduparadis.ch\/wp-content\/uploads\/CdPOlivierRoten-2.png\",\"contentUrl\":\"https:\/\/www.cavesduparadis.ch\/wp-content\/uploads\/CdPOlivierRoten-2.png\",\"width\":498,\"height\":579,\"caption\":\"Caves du Paradis\"},\"image\":{\"@id\":\"https:\/\/www.cavesduparadis.ch\/#\/schema\/logo\/image\/\"},\"sameAs\":[\"https:\/\/www.facebook.com\/cavesparadis\"]}]}<\/script>\n<!-- \/ Yoast SEO plugin. -->","yoast_head_json":{"title":"Gamaret - Caves du Paradis Olivier Roten","robots":{"index":"index","follow":"follow","max-snippet":"max-snippet:-1","max-image-preview":"max-image-preview:large","max-video-preview":"max-video-preview:-1"},"canonical":"https:\/\/www.cavesduparadis.ch\/produit\/gamaret\/","og_locale":"fr_FR","og_type":"article","og_title":"Gamaret - Caves du Paradis Olivier Roten","og_description":"50 cl, 75 cl","og_url":"https:\/\/www.cavesduparadis.ch\/produit\/gamaret\/","og_site_name":"Caves du Paradis Olivier Roten","article_publisher":"https:\/\/www.facebook.com\/cavesparadis","article_modified_time":"2026-02-02T22:23:01+00:00","og_image":[{"width":1866,"height":1867,"url":"https:\/\/www.cavesduparadis.ch\/wp-content\/uploads\/Gamaret-2.jpg","type":"image\/jpeg"}],"twitter_card":"summary_large_image","twitter_misc":{"Dur\u00e9e de lecture estim\u00e9e":"1 minute"},"schema":{"@context":"https:\/\/schema.org","@graph":[{"@type":"WebPage","@id":"https:\/\/www.cavesduparadis.ch\/produit\/gamaret\/","url":"https:\/\/www.cavesduparadis.ch\/produit\/gamaret\/","name":"Gamaret - Caves du Paradis Olivier Roten","isPartOf":{"@id":"https:\/\/www.cavesduparadis.ch\/#website"},"primaryImageOfPage":{"@id":"https:\/\/www.cavesduparadis.ch\/produit\/gamaret\/#primaryimage"},"image":{"@id":"https:\/\/www.cavesduparadis.ch\/produit\/gamaret\/#primaryimage"},"thumbnailUrl":"https:\/\/www.cavesduparadis.ch\/wp-content\/uploads\/Gamaret-2.jpg","datePublished":"2014-12-20T16:04:23+00:00","dateModified":"2026-02-02T22:23:01+00:00","breadcrumb":{"@id":"https:\/\/www.cavesduparadis.ch\/produit\/gamaret\/#breadcrumb"},"inLanguage":"fr-FR","potentialAction":[{"@type":"ReadAction","target":["https:\/\/www.cavesduparadis.ch\/produit\/gamaret\/"]}]},{"@type":"ImageObject","inLanguage":"fr-FR","@id":"https:\/\/www.cavesduparadis.ch\/produit\/gamaret\/#primaryimage","url":"https:\/\/www.cavesduparadis.ch\/wp-content\/uploads\/Gamaret-2.jpg","contentUrl":"https:\/\/www.cavesduparadis.ch\/wp-content\/uploads\/Gamaret-2.jpg","width":1866,"height":1867,"caption":"gamaret"},{"@type":"BreadcrumbList","@id":"https:\/\/www.cavesduparadis.ch\/produit\/gamaret\/#breadcrumb","itemListElement":[{"@type":"ListItem","position":1,"name":"Startseite","item":"https:\/\/www.cavesduparadis.ch\/fr\/caves-du-paradis-sierre-vins-du-valais\/"},{"@type":"ListItem","position":2,"name":"Shop","item":"https:\/\/www.cavesduparadis.ch\/shop\/"},{"@type":"ListItem","position":3,"name":"Gamaret"}]},{"@type":"WebSite","@id":"https:\/\/www.cavesduparadis.ch\/#website","url":"https:\/\/www.cavesduparadis.ch\/","name":"Caves du Paradis Olivier Roten","description":"Vins du Valais","publisher":{"@id":"https:\/\/www.cavesduparadis.ch\/#organization"},"potentialAction":[{"@type":"SearchAction","target":{"@type":"EntryPoint","urlTemplate":"https:\/\/www.cavesduparadis.ch\/?s={search_term_string}"},"query-input":{"@type":"PropertyValueSpecification","valueRequired":true,"valueName":"search_term_string"}}],"inLanguage":"fr-FR"},{"@type":"Organization","@id":"https:\/\/www.cavesduparadis.ch\/#organization","name":"Caves du Paradis","url":"https:\/\/www.cavesduparadis.ch\/","logo":{"@type":"ImageObject","inLanguage":"fr-FR","@id":"https:\/\/www.cavesduparadis.ch\/#\/schema\/logo\/image\/","url":"https:\/\/www.cavesduparadis.ch\/wp-content\/uploads\/CdPOlivierRoten-2.png","contentUrl":"https:\/\/www.cavesduparadis.ch\/wp-content\/uploads\/CdPOlivierRoten-2.png","width":498,"height":579,"caption":"Caves du Paradis"},"image":{"@id":"https:\/\/www.cavesduparadis.ch\/#\/schema\/logo\/image\/"},"sameAs":["https:\/\/www.facebook.com\/cavesparadis"]}]}},"_links":{"self":[{"href":"https:\/\/www.cavesduparadis.ch\/fr\/wp-json\/wp\/v2\/product\/1234","targetHints":{"allow":["GET"]}}],"collection":[{"href":"https:\/\/www.cavesduparadis.ch\/fr\/wp-json\/wp\/v2\/product"}],"about":[{"href":"https:\/\/www.cavesduparadis.ch\/fr\/wp-json\/wp\/v2\/types\/product"}],"wp:featuredmedia":[{"embeddable":true,"href":"https:\/\/www.cavesduparadis.ch\/fr\/wp-json\/wp\/v2\/media\/7695"}],"wp:attachment":[{"href":"https:\/\/www.cavesduparadis.ch\/fr\/wp-json\/wp\/v2\/media?parent=1234"}],"wp:term":[{"taxonomy":"product_brand","embeddable":true,"href":"https:\/\/www.cavesduparadis.ch\/fr\/wp-json\/wp\/v2\/product_brand?post=1234"},{"taxonomy":"product_cat","embeddable":true,"href":"https:\/\/www.cavesduparadis.ch\/fr\/wp-json\/wp\/v2\/product_cat?post=1234"},{"taxonomy":"product_tag","embeddable":true,"href":"https:\/\/www.cavesduparadis.ch\/fr\/wp-json\/wp\/v2\/product_tag?post=1234"}],"curies":[{"name":"wp","href":"https:\/\/api.w.org\/{rel}","templated":true}]}}