{"id":1238,"date":"2014-12-20T17:37:50","date_gmt":"2014-12-20T15:37:50","guid":{"rendered":"http:\/\/www.cavesduparadis.ch\/shop\/unkategorisiert\/humagne-rouge-2\/"},"modified":"2026-02-03T00:25:10","modified_gmt":"2026-02-02T22:25:10","slug":"humagne-rouge","status":"publish","type":"product","link":"https:\/\/www.cavesduparadis.ch\/fr\/produit\/humagne-rouge\/","title":{"rendered":"Humagne Rouge"},"content":{"rendered":"<p><strong>Humagne Rouge AOC Valais <\/strong><\/p>\n<p>D\u2019origine et d\u2019\u00e2me authentiquement valaisannes, l\u2019Humagne Rouge est un plant tr\u00e8s tardif. Seules les meilleures expositions permettent de cultiver ce raisin. Plus la vigne sera \u00e2g\u00e9e, meilleur sera le vin.<\/p>\n<p><strong>Degustation<\/strong><\/p>\n<p>Rouge assez fonc\u00e9, elle s\u00e9duit par ses notes fauves o\u00f9 se m\u00ealent des fragrances de baies sauvages. Sur le palais, elle offre une charpente solide et patin\u00e9e. Apr\u00e8s une attaque franche et vive, le fruit emplit le palais d\u2019une \u00e9clatante vitalit\u00e9.<\/p>\n<p><strong>Gastronomie<\/strong><\/p>\n<p>Aiguillettes de canard, r\u00f4ti de boeuf au jus, entrec\u00f4te de steak au poivre, brochettes d\u2019agneau, gibier, plateau de fromages.<\/p>\n<p><strong>Stockage et service<\/strong><\/p>\n<ul>\n<li>Temps de garde: 6 \u00e0 8 ans<\/li>\n<li>Temp. id\u00e9ale de service: 14 \u00b0C<\/li>\n<\/ul>\n<p><strong>Rep\u00e8res oenologiques<\/strong><\/p>\n<ul>\n<li>Vinification: En cuve inox<\/li>\n<li>Degr\u00e9s Oechsl\u00e9 du raisin: 97 \u00b0Oe<\/li>\n<li>Production moyenne: 850 g\/m2<\/li>\n<li>C\u00e9page: Humagne Rouge<\/li>\n<li>Origine: Bernunes Sierre et Corin s\/Sierre; production int\u00e9gr\u00e9e<\/li>\n<li>Teneur en alcool: 13 % Vol.<\/li>\n<\/ul>\n<p>&nbsp;<\/p>\n","protected":false},"excerpt":{"rendered":"<p>50 cl, 75 cl<\/p>\n","protected":false},"featured_media":3303,"template":"","meta":[],"product_brand":[],"product_cat":[43,44,41,54],"product_tag":[90],"class_list":{"0":"post-1238","1":"product","2":"type-product","3":"status-publish","4":"has-post-thumbnail","6":"product_cat-specialites","7":"product_cat-specialites-vin-rouges","8":"product_cat-vins-en-bouteille","9":"product_cat-vins-rouges","10":"product_tag-rouge","11":"pa_bottle-size-75cl-fr","13":"first","14":"instock","15":"shipping-taxable","16":"purchasable","17":"product-type-variable","18":"has-default-attributes"},"yoast_head":"<!-- This site is optimized with the Yoast SEO plugin v27.0 - https:\/\/yoast.com\/product\/yoast-seo-wordpress\/ -->\n<title>Humagne Rouge - Caves du Paradis Olivier Roten<\/title>\n<meta name=\"robots\" content=\"index, follow, max-snippet:-1, max-image-preview:large, max-video-preview:-1\" \/>\n<link rel=\"canonical\" href=\"https:\/\/www.cavesduparadis.ch\/produit\/humagne-rouge\/\" \/>\n<meta property=\"og:locale\" content=\"fr_FR\" \/>\n<meta property=\"og:type\" content=\"article\" \/>\n<meta property=\"og:title\" content=\"Humagne Rouge - Caves du Paradis Olivier Roten\" \/>\n<meta property=\"og:description\" content=\"50 cl, 75 cl\" \/>\n<meta property=\"og:url\" content=\"https:\/\/www.cavesduparadis.ch\/produit\/humagne-rouge\/\" \/>\n<meta property=\"og:site_name\" content=\"Caves du Paradis Olivier Roten\" \/>\n<meta property=\"article:publisher\" content=\"https:\/\/www.facebook.com\/cavesparadis\" \/>\n<meta property=\"article:modified_time\" content=\"2026-02-02T22:25:10+00:00\" \/>\n<meta property=\"og:image\" content=\"https:\/\/www.cavesduparadis.ch\/wp-content\/uploads\/Humagne-Rouge.jpg\" \/>\n\t<meta property=\"og:image:width\" content=\"1599\" \/>\n\t<meta property=\"og:image:height\" content=\"1599\" \/>\n\t<meta property=\"og:image:type\" content=\"image\/jpeg\" \/>\n<meta name=\"twitter:card\" content=\"summary_large_image\" \/>\n<meta name=\"twitter:label1\" content=\"Dur\u00e9e de lecture estim\u00e9e\" \/>\n\t<meta name=\"twitter:data1\" content=\"1 minute\" \/>\n<script type=\"application\/ld+json\" class=\"yoast-schema-graph\">{\"@context\":\"https:\/\/schema.org\",\"@graph\":[{\"@type\":\"WebPage\",\"@id\":\"https:\/\/www.cavesduparadis.ch\/produit\/humagne-rouge\/\",\"url\":\"https:\/\/www.cavesduparadis.ch\/produit\/humagne-rouge\/\",\"name\":\"Humagne Rouge - Caves du Paradis Olivier Roten\",\"isPartOf\":{\"@id\":\"https:\/\/www.cavesduparadis.ch\/#website\"},\"primaryImageOfPage\":{\"@id\":\"https:\/\/www.cavesduparadis.ch\/produit\/humagne-rouge\/#primaryimage\"},\"image\":{\"@id\":\"https:\/\/www.cavesduparadis.ch\/produit\/humagne-rouge\/#primaryimage\"},\"thumbnailUrl\":\"https:\/\/www.cavesduparadis.ch\/wp-content\/uploads\/Humagne-Rouge.jpg\",\"datePublished\":\"2014-12-20T15:37:50+00:00\",\"dateModified\":\"2026-02-02T22:25:10+00:00\",\"breadcrumb\":{\"@id\":\"https:\/\/www.cavesduparadis.ch\/produit\/humagne-rouge\/#breadcrumb\"},\"inLanguage\":\"fr-FR\",\"potentialAction\":[{\"@type\":\"ReadAction\",\"target\":[\"https:\/\/www.cavesduparadis.ch\/produit\/humagne-rouge\/\"]}]},{\"@type\":\"ImageObject\",\"inLanguage\":\"fr-FR\",\"@id\":\"https:\/\/www.cavesduparadis.ch\/produit\/humagne-rouge\/#primaryimage\",\"url\":\"https:\/\/www.cavesduparadis.ch\/wp-content\/uploads\/Humagne-Rouge.jpg\",\"contentUrl\":\"https:\/\/www.cavesduparadis.ch\/wp-content\/uploads\/Humagne-Rouge.jpg\",\"width\":1599,\"height\":1599,\"caption\":\"Humagne Rouge\"},{\"@type\":\"BreadcrumbList\",\"@id\":\"https:\/\/www.cavesduparadis.ch\/produit\/humagne-rouge\/#breadcrumb\",\"itemListElement\":[{\"@type\":\"ListItem\",\"position\":1,\"name\":\"Startseite\",\"item\":\"https:\/\/www.cavesduparadis.ch\/fr\/caves-du-paradis-sierre-vins-du-valais\/\"},{\"@type\":\"ListItem\",\"position\":2,\"name\":\"Shop\",\"item\":\"https:\/\/www.cavesduparadis.ch\/shop\/\"},{\"@type\":\"ListItem\",\"position\":3,\"name\":\"Humagne Rouge\"}]},{\"@type\":\"WebSite\",\"@id\":\"https:\/\/www.cavesduparadis.ch\/#website\",\"url\":\"https:\/\/www.cavesduparadis.ch\/\",\"name\":\"Caves du Paradis Olivier Roten\",\"description\":\"Vins du Valais\",\"publisher\":{\"@id\":\"https:\/\/www.cavesduparadis.ch\/#organization\"},\"potentialAction\":[{\"@type\":\"SearchAction\",\"target\":{\"@type\":\"EntryPoint\",\"urlTemplate\":\"https:\/\/www.cavesduparadis.ch\/?s={search_term_string}\"},\"query-input\":{\"@type\":\"PropertyValueSpecification\",\"valueRequired\":true,\"valueName\":\"search_term_string\"}}],\"inLanguage\":\"fr-FR\"},{\"@type\":\"Organization\",\"@id\":\"https:\/\/www.cavesduparadis.ch\/#organization\",\"name\":\"Caves du Paradis\",\"url\":\"https:\/\/www.cavesduparadis.ch\/\",\"logo\":{\"@type\":\"ImageObject\",\"inLanguage\":\"fr-FR\",\"@id\":\"https:\/\/www.cavesduparadis.ch\/#\/schema\/logo\/image\/\",\"url\":\"https:\/\/www.cavesduparadis.ch\/wp-content\/uploads\/CdPOlivierRoten-2.png\",\"contentUrl\":\"https:\/\/www.cavesduparadis.ch\/wp-content\/uploads\/CdPOlivierRoten-2.png\",\"width\":498,\"height\":579,\"caption\":\"Caves du Paradis\"},\"image\":{\"@id\":\"https:\/\/www.cavesduparadis.ch\/#\/schema\/logo\/image\/\"},\"sameAs\":[\"https:\/\/www.facebook.com\/cavesparadis\"]}]}<\/script>\n<!-- \/ Yoast SEO plugin. -->","yoast_head_json":{"title":"Humagne Rouge - Caves du Paradis Olivier Roten","robots":{"index":"index","follow":"follow","max-snippet":"max-snippet:-1","max-image-preview":"max-image-preview:large","max-video-preview":"max-video-preview:-1"},"canonical":"https:\/\/www.cavesduparadis.ch\/produit\/humagne-rouge\/","og_locale":"fr_FR","og_type":"article","og_title":"Humagne Rouge - Caves du Paradis Olivier Roten","og_description":"50 cl, 75 cl","og_url":"https:\/\/www.cavesduparadis.ch\/produit\/humagne-rouge\/","og_site_name":"Caves du Paradis Olivier Roten","article_publisher":"https:\/\/www.facebook.com\/cavesparadis","article_modified_time":"2026-02-02T22:25:10+00:00","og_image":[{"width":1599,"height":1599,"url":"https:\/\/www.cavesduparadis.ch\/wp-content\/uploads\/Humagne-Rouge.jpg","type":"image\/jpeg"}],"twitter_card":"summary_large_image","twitter_misc":{"Dur\u00e9e de lecture estim\u00e9e":"1 minute"},"schema":{"@context":"https:\/\/schema.org","@graph":[{"@type":"WebPage","@id":"https:\/\/www.cavesduparadis.ch\/produit\/humagne-rouge\/","url":"https:\/\/www.cavesduparadis.ch\/produit\/humagne-rouge\/","name":"Humagne Rouge - Caves du Paradis Olivier Roten","isPartOf":{"@id":"https:\/\/www.cavesduparadis.ch\/#website"},"primaryImageOfPage":{"@id":"https:\/\/www.cavesduparadis.ch\/produit\/humagne-rouge\/#primaryimage"},"image":{"@id":"https:\/\/www.cavesduparadis.ch\/produit\/humagne-rouge\/#primaryimage"},"thumbnailUrl":"https:\/\/www.cavesduparadis.ch\/wp-content\/uploads\/Humagne-Rouge.jpg","datePublished":"2014-12-20T15:37:50+00:00","dateModified":"2026-02-02T22:25:10+00:00","breadcrumb":{"@id":"https:\/\/www.cavesduparadis.ch\/produit\/humagne-rouge\/#breadcrumb"},"inLanguage":"fr-FR","potentialAction":[{"@type":"ReadAction","target":["https:\/\/www.cavesduparadis.ch\/produit\/humagne-rouge\/"]}]},{"@type":"ImageObject","inLanguage":"fr-FR","@id":"https:\/\/www.cavesduparadis.ch\/produit\/humagne-rouge\/#primaryimage","url":"https:\/\/www.cavesduparadis.ch\/wp-content\/uploads\/Humagne-Rouge.jpg","contentUrl":"https:\/\/www.cavesduparadis.ch\/wp-content\/uploads\/Humagne-Rouge.jpg","width":1599,"height":1599,"caption":"Humagne Rouge"},{"@type":"BreadcrumbList","@id":"https:\/\/www.cavesduparadis.ch\/produit\/humagne-rouge\/#breadcrumb","itemListElement":[{"@type":"ListItem","position":1,"name":"Startseite","item":"https:\/\/www.cavesduparadis.ch\/fr\/caves-du-paradis-sierre-vins-du-valais\/"},{"@type":"ListItem","position":2,"name":"Shop","item":"https:\/\/www.cavesduparadis.ch\/shop\/"},{"@type":"ListItem","position":3,"name":"Humagne Rouge"}]},{"@type":"WebSite","@id":"https:\/\/www.cavesduparadis.ch\/#website","url":"https:\/\/www.cavesduparadis.ch\/","name":"Caves du Paradis Olivier Roten","description":"Vins du Valais","publisher":{"@id":"https:\/\/www.cavesduparadis.ch\/#organization"},"potentialAction":[{"@type":"SearchAction","target":{"@type":"EntryPoint","urlTemplate":"https:\/\/www.cavesduparadis.ch\/?s={search_term_string}"},"query-input":{"@type":"PropertyValueSpecification","valueRequired":true,"valueName":"search_term_string"}}],"inLanguage":"fr-FR"},{"@type":"Organization","@id":"https:\/\/www.cavesduparadis.ch\/#organization","name":"Caves du Paradis","url":"https:\/\/www.cavesduparadis.ch\/","logo":{"@type":"ImageObject","inLanguage":"fr-FR","@id":"https:\/\/www.cavesduparadis.ch\/#\/schema\/logo\/image\/","url":"https:\/\/www.cavesduparadis.ch\/wp-content\/uploads\/CdPOlivierRoten-2.png","contentUrl":"https:\/\/www.cavesduparadis.ch\/wp-content\/uploads\/CdPOlivierRoten-2.png","width":498,"height":579,"caption":"Caves du Paradis"},"image":{"@id":"https:\/\/www.cavesduparadis.ch\/#\/schema\/logo\/image\/"},"sameAs":["https:\/\/www.facebook.com\/cavesparadis"]}]}},"_links":{"self":[{"href":"https:\/\/www.cavesduparadis.ch\/fr\/wp-json\/wp\/v2\/product\/1238","targetHints":{"allow":["GET"]}}],"collection":[{"href":"https:\/\/www.cavesduparadis.ch\/fr\/wp-json\/wp\/v2\/product"}],"about":[{"href":"https:\/\/www.cavesduparadis.ch\/fr\/wp-json\/wp\/v2\/types\/product"}],"wp:featuredmedia":[{"embeddable":true,"href":"https:\/\/www.cavesduparadis.ch\/fr\/wp-json\/wp\/v2\/media\/3303"}],"wp:attachment":[{"href":"https:\/\/www.cavesduparadis.ch\/fr\/wp-json\/wp\/v2\/media?parent=1238"}],"wp:term":[{"taxonomy":"product_brand","embeddable":true,"href":"https:\/\/www.cavesduparadis.ch\/fr\/wp-json\/wp\/v2\/product_brand?post=1238"},{"taxonomy":"product_cat","embeddable":true,"href":"https:\/\/www.cavesduparadis.ch\/fr\/wp-json\/wp\/v2\/product_cat?post=1238"},{"taxonomy":"product_tag","embeddable":true,"href":"https:\/\/www.cavesduparadis.ch\/fr\/wp-json\/wp\/v2\/product_tag?post=1238"}],"curies":[{"name":"wp","href":"https:\/\/api.w.org\/{rel}","templated":true}]}}