{"id":1248,"date":"2014-12-20T16:31:58","date_gmt":"2014-12-20T14:31:58","guid":{"rendered":"http:\/\/www.cavesduparadis.ch\/shop\/unkategorisiert\/petite-arvine-2\/"},"modified":"2026-02-03T00:23:37","modified_gmt":"2026-02-02T22:23:37","slug":"petite-arvine","status":"publish","type":"product","link":"https:\/\/www.cavesduparadis.ch\/fr\/produit\/petite-arvine\/","title":{"rendered":"Petite Arvine"},"content":{"rendered":"<p><strong>Petite Arvine\u00a0AOC Valais<\/strong><\/p>\n<p>La Petite Arvine est un raisin et un vin indig\u00e8nes par excellence. De grands connaisseurs et sp\u00e9cialistes en oenologie l\u2019 appellent \u201ele roi des vins blancs\u201c et \u201ele vin blanc des rois\u201c. La culture de la Petite Arvine est tr\u00e8s d\u00e9licate et exige d\u2019\u00eatre log\u00e9e dans des parchets privil\u00e9gi\u00e9s. Elle a un potentiel de garde qui est comparable aux meilleurs vins blancs du monde.<\/p>\n<p><strong>Degustation<\/strong><\/p>\n<p>Robe d\u2019or p\u00e2le, elle est rac\u00e9e et virile d\u2019un c\u00f4t\u00e9, de l\u2019autre tr\u00e8s \u00e9l\u00e9gante et harmonieuse. Elle \u00e9merveille par sa d\u00e9licatesse et sa complexit\u00e9, concluant sur une touche saline tr\u00e8s personnelle.<\/p>\n<p><strong>Gastronomie<\/strong><\/p>\n<p>Ap\u00e9ritif royal, avec un foie gras, du poisson et des crustac\u00e9s.<\/p>\n<p><strong>Stockage et service<\/strong><\/p>\n<ul>\n<li>Temps de garde: 8 ans et plus selon le mill\u00e9sime<\/li>\n<li>Temp. id\u00e9ale de service: 12 \u00b0C<\/li>\n<\/ul>\n<p><strong>Rep\u00e8res oenologiques<\/strong><\/p>\n<ul>\n<li>Vinification: En cuve inox<\/li>\n<li>Degr\u00e9s Oechsl\u00e9 du raisin: 96 \u00b0Oe<\/li>\n<li>Production moyenne: 750 g\/m2<\/li>\n<li>C\u00e9page: Petite Arvine<\/li>\n<li>Origine: Bernunes \u00e0 Sierre; production int\u00e9gr\u00e9e<\/li>\n<li>Teneur en alcool: 13 % Vol.<\/li>\n<\/ul>\n<p>&nbsp;<\/p>\n","protected":false},"excerpt":{"rendered":"<p>50cl, 75 cl<\/p>\n","protected":false},"featured_media":3308,"template":"","meta":[],"product_brand":[],"product_cat":[43,45,56,41],"product_tag":[],"class_list":{"0":"post-1248","1":"product","2":"type-product","3":"status-publish","4":"has-post-thumbnail","6":"product_cat-specialites","7":"product_cat-specialites-vins-blancs","8":"product_cat-vins-blancs","9":"product_cat-vins-en-bouteille","10":"product_shipping_class-grandes-bouteilles","11":"pa_bottle-size-50cl-fr","12":"pa_bottle-size-75cl-fr","14":"first","15":"instock","16":"shipping-taxable","17":"purchasable","18":"product-type-variable","19":"has-default-attributes"},"yoast_head":"<!-- This site is optimized with the Yoast SEO plugin v27.0 - https:\/\/yoast.com\/product\/yoast-seo-wordpress\/ -->\n<title>Petite Arvine - Caves du Paradis Olivier Roten<\/title>\n<meta name=\"robots\" content=\"index, follow, max-snippet:-1, max-image-preview:large, max-video-preview:-1\" \/>\n<link rel=\"canonical\" href=\"https:\/\/www.cavesduparadis.ch\/produit\/petite-arvine\/\" \/>\n<meta property=\"og:locale\" content=\"fr_FR\" \/>\n<meta property=\"og:type\" content=\"article\" \/>\n<meta property=\"og:title\" content=\"Petite Arvine - Caves du Paradis Olivier Roten\" \/>\n<meta property=\"og:description\" content=\"50cl, 75 cl\" \/>\n<meta property=\"og:url\" content=\"https:\/\/www.cavesduparadis.ch\/produit\/petite-arvine\/\" \/>\n<meta property=\"og:site_name\" content=\"Caves du Paradis Olivier Roten\" \/>\n<meta property=\"article:publisher\" content=\"https:\/\/www.facebook.com\/cavesparadis\" \/>\n<meta property=\"article:modified_time\" content=\"2026-02-02T22:23:37+00:00\" \/>\n<meta property=\"og:image\" content=\"https:\/\/www.cavesduparadis.ch\/wp-content\/uploads\/Petite-Arvine-1.jpg\" \/>\n\t<meta property=\"og:image:width\" content=\"1599\" \/>\n\t<meta property=\"og:image:height\" content=\"1599\" \/>\n\t<meta property=\"og:image:type\" content=\"image\/jpeg\" \/>\n<meta name=\"twitter:card\" content=\"summary_large_image\" \/>\n<meta name=\"twitter:label1\" content=\"Dur\u00e9e de lecture estim\u00e9e\" \/>\n\t<meta name=\"twitter:data1\" content=\"1 minute\" \/>\n<script type=\"application\/ld+json\" class=\"yoast-schema-graph\">{\"@context\":\"https:\/\/schema.org\",\"@graph\":[{\"@type\":\"WebPage\",\"@id\":\"https:\/\/www.cavesduparadis.ch\/produit\/petite-arvine\/\",\"url\":\"https:\/\/www.cavesduparadis.ch\/produit\/petite-arvine\/\",\"name\":\"Petite Arvine - Caves du Paradis Olivier Roten\",\"isPartOf\":{\"@id\":\"https:\/\/www.cavesduparadis.ch\/#website\"},\"primaryImageOfPage\":{\"@id\":\"https:\/\/www.cavesduparadis.ch\/produit\/petite-arvine\/#primaryimage\"},\"image\":{\"@id\":\"https:\/\/www.cavesduparadis.ch\/produit\/petite-arvine\/#primaryimage\"},\"thumbnailUrl\":\"https:\/\/www.cavesduparadis.ch\/wp-content\/uploads\/Petite-Arvine-1.jpg\",\"datePublished\":\"2014-12-20T14:31:58+00:00\",\"dateModified\":\"2026-02-02T22:23:37+00:00\",\"breadcrumb\":{\"@id\":\"https:\/\/www.cavesduparadis.ch\/produit\/petite-arvine\/#breadcrumb\"},\"inLanguage\":\"fr-FR\",\"potentialAction\":[{\"@type\":\"ReadAction\",\"target\":[\"https:\/\/www.cavesduparadis.ch\/produit\/petite-arvine\/\"]}]},{\"@type\":\"ImageObject\",\"inLanguage\":\"fr-FR\",\"@id\":\"https:\/\/www.cavesduparadis.ch\/produit\/petite-arvine\/#primaryimage\",\"url\":\"https:\/\/www.cavesduparadis.ch\/wp-content\/uploads\/Petite-Arvine-1.jpg\",\"contentUrl\":\"https:\/\/www.cavesduparadis.ch\/wp-content\/uploads\/Petite-Arvine-1.jpg\",\"width\":1599,\"height\":1599,\"caption\":\"Petite Arvine\"},{\"@type\":\"BreadcrumbList\",\"@id\":\"https:\/\/www.cavesduparadis.ch\/produit\/petite-arvine\/#breadcrumb\",\"itemListElement\":[{\"@type\":\"ListItem\",\"position\":1,\"name\":\"Startseite\",\"item\":\"https:\/\/www.cavesduparadis.ch\/fr\/caves-du-paradis-sierre-vins-du-valais\/\"},{\"@type\":\"ListItem\",\"position\":2,\"name\":\"Shop\",\"item\":\"https:\/\/www.cavesduparadis.ch\/shop\/\"},{\"@type\":\"ListItem\",\"position\":3,\"name\":\"Petite Arvine\"}]},{\"@type\":\"WebSite\",\"@id\":\"https:\/\/www.cavesduparadis.ch\/#website\",\"url\":\"https:\/\/www.cavesduparadis.ch\/\",\"name\":\"Caves du Paradis Olivier Roten\",\"description\":\"Vins du Valais\",\"publisher\":{\"@id\":\"https:\/\/www.cavesduparadis.ch\/#organization\"},\"potentialAction\":[{\"@type\":\"SearchAction\",\"target\":{\"@type\":\"EntryPoint\",\"urlTemplate\":\"https:\/\/www.cavesduparadis.ch\/?s={search_term_string}\"},\"query-input\":{\"@type\":\"PropertyValueSpecification\",\"valueRequired\":true,\"valueName\":\"search_term_string\"}}],\"inLanguage\":\"fr-FR\"},{\"@type\":\"Organization\",\"@id\":\"https:\/\/www.cavesduparadis.ch\/#organization\",\"name\":\"Caves du Paradis\",\"url\":\"https:\/\/www.cavesduparadis.ch\/\",\"logo\":{\"@type\":\"ImageObject\",\"inLanguage\":\"fr-FR\",\"@id\":\"https:\/\/www.cavesduparadis.ch\/#\/schema\/logo\/image\/\",\"url\":\"https:\/\/www.cavesduparadis.ch\/wp-content\/uploads\/CdPOlivierRoten-2.png\",\"contentUrl\":\"https:\/\/www.cavesduparadis.ch\/wp-content\/uploads\/CdPOlivierRoten-2.png\",\"width\":498,\"height\":579,\"caption\":\"Caves du Paradis\"},\"image\":{\"@id\":\"https:\/\/www.cavesduparadis.ch\/#\/schema\/logo\/image\/\"},\"sameAs\":[\"https:\/\/www.facebook.com\/cavesparadis\"]}]}<\/script>\n<!-- \/ Yoast SEO plugin. -->","yoast_head_json":{"title":"Petite Arvine - Caves du Paradis Olivier Roten","robots":{"index":"index","follow":"follow","max-snippet":"max-snippet:-1","max-image-preview":"max-image-preview:large","max-video-preview":"max-video-preview:-1"},"canonical":"https:\/\/www.cavesduparadis.ch\/produit\/petite-arvine\/","og_locale":"fr_FR","og_type":"article","og_title":"Petite Arvine - Caves du Paradis Olivier Roten","og_description":"50cl, 75 cl","og_url":"https:\/\/www.cavesduparadis.ch\/produit\/petite-arvine\/","og_site_name":"Caves du Paradis Olivier Roten","article_publisher":"https:\/\/www.facebook.com\/cavesparadis","article_modified_time":"2026-02-02T22:23:37+00:00","og_image":[{"width":1599,"height":1599,"url":"https:\/\/www.cavesduparadis.ch\/wp-content\/uploads\/Petite-Arvine-1.jpg","type":"image\/jpeg"}],"twitter_card":"summary_large_image","twitter_misc":{"Dur\u00e9e de lecture estim\u00e9e":"1 minute"},"schema":{"@context":"https:\/\/schema.org","@graph":[{"@type":"WebPage","@id":"https:\/\/www.cavesduparadis.ch\/produit\/petite-arvine\/","url":"https:\/\/www.cavesduparadis.ch\/produit\/petite-arvine\/","name":"Petite Arvine - Caves du Paradis Olivier Roten","isPartOf":{"@id":"https:\/\/www.cavesduparadis.ch\/#website"},"primaryImageOfPage":{"@id":"https:\/\/www.cavesduparadis.ch\/produit\/petite-arvine\/#primaryimage"},"image":{"@id":"https:\/\/www.cavesduparadis.ch\/produit\/petite-arvine\/#primaryimage"},"thumbnailUrl":"https:\/\/www.cavesduparadis.ch\/wp-content\/uploads\/Petite-Arvine-1.jpg","datePublished":"2014-12-20T14:31:58+00:00","dateModified":"2026-02-02T22:23:37+00:00","breadcrumb":{"@id":"https:\/\/www.cavesduparadis.ch\/produit\/petite-arvine\/#breadcrumb"},"inLanguage":"fr-FR","potentialAction":[{"@type":"ReadAction","target":["https:\/\/www.cavesduparadis.ch\/produit\/petite-arvine\/"]}]},{"@type":"ImageObject","inLanguage":"fr-FR","@id":"https:\/\/www.cavesduparadis.ch\/produit\/petite-arvine\/#primaryimage","url":"https:\/\/www.cavesduparadis.ch\/wp-content\/uploads\/Petite-Arvine-1.jpg","contentUrl":"https:\/\/www.cavesduparadis.ch\/wp-content\/uploads\/Petite-Arvine-1.jpg","width":1599,"height":1599,"caption":"Petite Arvine"},{"@type":"BreadcrumbList","@id":"https:\/\/www.cavesduparadis.ch\/produit\/petite-arvine\/#breadcrumb","itemListElement":[{"@type":"ListItem","position":1,"name":"Startseite","item":"https:\/\/www.cavesduparadis.ch\/fr\/caves-du-paradis-sierre-vins-du-valais\/"},{"@type":"ListItem","position":2,"name":"Shop","item":"https:\/\/www.cavesduparadis.ch\/shop\/"},{"@type":"ListItem","position":3,"name":"Petite Arvine"}]},{"@type":"WebSite","@id":"https:\/\/www.cavesduparadis.ch\/#website","url":"https:\/\/www.cavesduparadis.ch\/","name":"Caves du Paradis Olivier Roten","description":"Vins du Valais","publisher":{"@id":"https:\/\/www.cavesduparadis.ch\/#organization"},"potentialAction":[{"@type":"SearchAction","target":{"@type":"EntryPoint","urlTemplate":"https:\/\/www.cavesduparadis.ch\/?s={search_term_string}"},"query-input":{"@type":"PropertyValueSpecification","valueRequired":true,"valueName":"search_term_string"}}],"inLanguage":"fr-FR"},{"@type":"Organization","@id":"https:\/\/www.cavesduparadis.ch\/#organization","name":"Caves du Paradis","url":"https:\/\/www.cavesduparadis.ch\/","logo":{"@type":"ImageObject","inLanguage":"fr-FR","@id":"https:\/\/www.cavesduparadis.ch\/#\/schema\/logo\/image\/","url":"https:\/\/www.cavesduparadis.ch\/wp-content\/uploads\/CdPOlivierRoten-2.png","contentUrl":"https:\/\/www.cavesduparadis.ch\/wp-content\/uploads\/CdPOlivierRoten-2.png","width":498,"height":579,"caption":"Caves du Paradis"},"image":{"@id":"https:\/\/www.cavesduparadis.ch\/#\/schema\/logo\/image\/"},"sameAs":["https:\/\/www.facebook.com\/cavesparadis"]}]}},"_links":{"self":[{"href":"https:\/\/www.cavesduparadis.ch\/fr\/wp-json\/wp\/v2\/product\/1248","targetHints":{"allow":["GET"]}}],"collection":[{"href":"https:\/\/www.cavesduparadis.ch\/fr\/wp-json\/wp\/v2\/product"}],"about":[{"href":"https:\/\/www.cavesduparadis.ch\/fr\/wp-json\/wp\/v2\/types\/product"}],"wp:featuredmedia":[{"embeddable":true,"href":"https:\/\/www.cavesduparadis.ch\/fr\/wp-json\/wp\/v2\/media\/3308"}],"wp:attachment":[{"href":"https:\/\/www.cavesduparadis.ch\/fr\/wp-json\/wp\/v2\/media?parent=1248"}],"wp:term":[{"taxonomy":"product_brand","embeddable":true,"href":"https:\/\/www.cavesduparadis.ch\/fr\/wp-json\/wp\/v2\/product_brand?post=1248"},{"taxonomy":"product_cat","embeddable":true,"href":"https:\/\/www.cavesduparadis.ch\/fr\/wp-json\/wp\/v2\/product_cat?post=1248"},{"taxonomy":"product_tag","embeddable":true,"href":"https:\/\/www.cavesduparadis.ch\/fr\/wp-json\/wp\/v2\/product_tag?post=1248"}],"curies":[{"name":"wp","href":"https:\/\/api.w.org\/{rel}","templated":true}]}}