{"id":1249,"date":"2014-12-20T16:48:53","date_gmt":"2014-12-20T14:48:53","guid":{"rendered":"http:\/\/www.cavesduparadis.ch\/shop\/unkategorisiert\/humagne-blanche-2\/"},"modified":"2026-02-03T00:26:57","modified_gmt":"2026-02-02T22:26:57","slug":"humagne-blanche","status":"publish","type":"product","link":"https:\/\/www.cavesduparadis.ch\/fr\/produit\/humagne-blanche\/","title":{"rendered":"Humagne Blanche"},"content":{"rendered":"<p><strong>Humagne Blanche AOC Valais<\/strong><\/p>\n<p>L\u2019Humagne Blanche, c\u00e9page autochtone, est pass\u00e9e dans la l\u00e9gende pour le r\u00e9confort qu\u2019elle apporte aux accouch\u00e9es. Elle aime un terrain l\u00e9ger et sablonneux de la rive droite du Rh\u00f4ne.<\/p>\n<p><strong>Degustation<\/strong><\/p>\n<p>Jaune tr\u00e8s clair, l\u2019Humagne Blanche fait penser au tilleul. Sur la langue, assez rustique et s\u00e8che, elle est fruit\u00e9e. Avec les ann\u00e9es, les ar\u00f4mes se font plus ronds et prennent un arri\u00e8re-go\u00fbt de r\u00e9sine.<\/p>\n<p><strong>Gastronomie<\/strong><\/p>\n<p>L\u2019Humagne Blanche est un remontant. C\u2019est peut-\u00eatre pour cette raison qu\u2019on l\u2019appelle aussi le vin des accouch\u00e9es. C\u2019est un d\u00e9lice comme ap\u00e9ritif, se marie tr\u00e8s bien avec du poisson ou un fromage d\u2019alpage.<\/p>\n<p><strong>Stockage et service<\/strong><\/p>\n<ul>\n<li>Temps de garde: 3 \u00e0 5 ans<\/li>\n<li>Temp. id\u00e9ale de service: 10 \u00b0C<\/li>\n<\/ul>\n<p><strong>Rep\u00e8res oenologiques<\/strong><\/p>\n<ul>\n<li>Vinification: En cuve inox<\/li>\n<li>Degr\u00e9s Oechsl\u00e9 du raisin: 85 \u00b0Oe<\/li>\n<li>Production moyenne: 850g\/ m2<\/li>\n<li>C\u00e9page: Humagne Blanche<\/li>\n<li>Origine: Bernunes Sierre; production int\u00e9gr\u00e9e<\/li>\n<li>Teneur en alcool: 12 % Vol.<\/li>\n<\/ul>\n<p>&nbsp;<\/p>\n<p>&nbsp;<\/p>\n","protected":false},"excerpt":{"rendered":"<p>75 cl<\/p>\n","protected":false},"featured_media":3305,"template":"","meta":[],"product_brand":[],"product_cat":[43,45,56,41],"product_tag":[],"class_list":{"0":"post-1249","1":"product","2":"type-product","3":"status-publish","4":"has-post-thumbnail","6":"product_cat-specialites","7":"product_cat-specialites-vins-blancs","8":"product_cat-vins-blancs","9":"product_cat-vins-en-bouteille","10":"product_shipping_class-grandes-bouteilles","11":"pa_bottle-size-75cl-fr","13":"first","14":"instock","15":"shipping-taxable","16":"purchasable","17":"product-type-simple"},"yoast_head":"<!-- This site is optimized with the Yoast SEO plugin v27.0 - https:\/\/yoast.com\/product\/yoast-seo-wordpress\/ -->\n<title>Humagne Blanche - Caves du Paradis Olivier Roten<\/title>\n<meta name=\"robots\" content=\"index, follow, max-snippet:-1, max-image-preview:large, max-video-preview:-1\" \/>\n<link rel=\"canonical\" href=\"https:\/\/www.cavesduparadis.ch\/produit\/humagne-blanche\/\" \/>\n<meta property=\"og:locale\" content=\"fr_FR\" \/>\n<meta property=\"og:type\" content=\"article\" \/>\n<meta property=\"og:title\" content=\"Humagne Blanche - Caves du Paradis Olivier Roten\" \/>\n<meta property=\"og:description\" content=\"75 cl\" \/>\n<meta property=\"og:url\" content=\"https:\/\/www.cavesduparadis.ch\/produit\/humagne-blanche\/\" \/>\n<meta property=\"og:site_name\" content=\"Caves du Paradis Olivier Roten\" \/>\n<meta property=\"article:publisher\" content=\"https:\/\/www.facebook.com\/cavesparadis\" \/>\n<meta property=\"article:modified_time\" content=\"2026-02-02T22:26:57+00:00\" \/>\n<meta property=\"og:image\" content=\"https:\/\/www.cavesduparadis.ch\/wp-content\/uploads\/Humagne-Blanche.jpg\" \/>\n\t<meta property=\"og:image:width\" content=\"1599\" \/>\n\t<meta property=\"og:image:height\" content=\"1599\" \/>\n\t<meta property=\"og:image:type\" content=\"image\/jpeg\" \/>\n<meta name=\"twitter:card\" content=\"summary_large_image\" \/>\n<meta name=\"twitter:label1\" content=\"Dur\u00e9e de lecture estim\u00e9e\" \/>\n\t<meta name=\"twitter:data1\" content=\"1 minute\" \/>\n<script type=\"application\/ld+json\" class=\"yoast-schema-graph\">{\"@context\":\"https:\/\/schema.org\",\"@graph\":[{\"@type\":\"WebPage\",\"@id\":\"https:\/\/www.cavesduparadis.ch\/produit\/humagne-blanche\/\",\"url\":\"https:\/\/www.cavesduparadis.ch\/produit\/humagne-blanche\/\",\"name\":\"Humagne Blanche - Caves du Paradis Olivier Roten\",\"isPartOf\":{\"@id\":\"https:\/\/www.cavesduparadis.ch\/#website\"},\"primaryImageOfPage\":{\"@id\":\"https:\/\/www.cavesduparadis.ch\/produit\/humagne-blanche\/#primaryimage\"},\"image\":{\"@id\":\"https:\/\/www.cavesduparadis.ch\/produit\/humagne-blanche\/#primaryimage\"},\"thumbnailUrl\":\"https:\/\/www.cavesduparadis.ch\/wp-content\/uploads\/Humagne-Blanche.jpg\",\"datePublished\":\"2014-12-20T14:48:53+00:00\",\"dateModified\":\"2026-02-02T22:26:57+00:00\",\"breadcrumb\":{\"@id\":\"https:\/\/www.cavesduparadis.ch\/produit\/humagne-blanche\/#breadcrumb\"},\"inLanguage\":\"fr-FR\",\"potentialAction\":[{\"@type\":\"ReadAction\",\"target\":[\"https:\/\/www.cavesduparadis.ch\/produit\/humagne-blanche\/\"]}]},{\"@type\":\"ImageObject\",\"inLanguage\":\"fr-FR\",\"@id\":\"https:\/\/www.cavesduparadis.ch\/produit\/humagne-blanche\/#primaryimage\",\"url\":\"https:\/\/www.cavesduparadis.ch\/wp-content\/uploads\/Humagne-Blanche.jpg\",\"contentUrl\":\"https:\/\/www.cavesduparadis.ch\/wp-content\/uploads\/Humagne-Blanche.jpg\",\"width\":1599,\"height\":1599,\"caption\":\"Humagne Blanche\"},{\"@type\":\"BreadcrumbList\",\"@id\":\"https:\/\/www.cavesduparadis.ch\/produit\/humagne-blanche\/#breadcrumb\",\"itemListElement\":[{\"@type\":\"ListItem\",\"position\":1,\"name\":\"Startseite\",\"item\":\"https:\/\/www.cavesduparadis.ch\/fr\/caves-du-paradis-sierre-vins-du-valais\/\"},{\"@type\":\"ListItem\",\"position\":2,\"name\":\"Shop\",\"item\":\"https:\/\/www.cavesduparadis.ch\/shop\/\"},{\"@type\":\"ListItem\",\"position\":3,\"name\":\"Humagne Blanche\"}]},{\"@type\":\"WebSite\",\"@id\":\"https:\/\/www.cavesduparadis.ch\/#website\",\"url\":\"https:\/\/www.cavesduparadis.ch\/\",\"name\":\"Caves du Paradis Olivier Roten\",\"description\":\"Vins du Valais\",\"publisher\":{\"@id\":\"https:\/\/www.cavesduparadis.ch\/#organization\"},\"potentialAction\":[{\"@type\":\"SearchAction\",\"target\":{\"@type\":\"EntryPoint\",\"urlTemplate\":\"https:\/\/www.cavesduparadis.ch\/?s={search_term_string}\"},\"query-input\":{\"@type\":\"PropertyValueSpecification\",\"valueRequired\":true,\"valueName\":\"search_term_string\"}}],\"inLanguage\":\"fr-FR\"},{\"@type\":\"Organization\",\"@id\":\"https:\/\/www.cavesduparadis.ch\/#organization\",\"name\":\"Caves du Paradis\",\"url\":\"https:\/\/www.cavesduparadis.ch\/\",\"logo\":{\"@type\":\"ImageObject\",\"inLanguage\":\"fr-FR\",\"@id\":\"https:\/\/www.cavesduparadis.ch\/#\/schema\/logo\/image\/\",\"url\":\"https:\/\/www.cavesduparadis.ch\/wp-content\/uploads\/CdPOlivierRoten-2.png\",\"contentUrl\":\"https:\/\/www.cavesduparadis.ch\/wp-content\/uploads\/CdPOlivierRoten-2.png\",\"width\":498,\"height\":579,\"caption\":\"Caves du Paradis\"},\"image\":{\"@id\":\"https:\/\/www.cavesduparadis.ch\/#\/schema\/logo\/image\/\"},\"sameAs\":[\"https:\/\/www.facebook.com\/cavesparadis\"]}]}<\/script>\n<!-- \/ Yoast SEO plugin. -->","yoast_head_json":{"title":"Humagne Blanche - Caves du Paradis Olivier Roten","robots":{"index":"index","follow":"follow","max-snippet":"max-snippet:-1","max-image-preview":"max-image-preview:large","max-video-preview":"max-video-preview:-1"},"canonical":"https:\/\/www.cavesduparadis.ch\/produit\/humagne-blanche\/","og_locale":"fr_FR","og_type":"article","og_title":"Humagne Blanche - Caves du Paradis Olivier Roten","og_description":"75 cl","og_url":"https:\/\/www.cavesduparadis.ch\/produit\/humagne-blanche\/","og_site_name":"Caves du Paradis Olivier Roten","article_publisher":"https:\/\/www.facebook.com\/cavesparadis","article_modified_time":"2026-02-02T22:26:57+00:00","og_image":[{"width":1599,"height":1599,"url":"https:\/\/www.cavesduparadis.ch\/wp-content\/uploads\/Humagne-Blanche.jpg","type":"image\/jpeg"}],"twitter_card":"summary_large_image","twitter_misc":{"Dur\u00e9e de lecture estim\u00e9e":"1 minute"},"schema":{"@context":"https:\/\/schema.org","@graph":[{"@type":"WebPage","@id":"https:\/\/www.cavesduparadis.ch\/produit\/humagne-blanche\/","url":"https:\/\/www.cavesduparadis.ch\/produit\/humagne-blanche\/","name":"Humagne Blanche - Caves du Paradis Olivier Roten","isPartOf":{"@id":"https:\/\/www.cavesduparadis.ch\/#website"},"primaryImageOfPage":{"@id":"https:\/\/www.cavesduparadis.ch\/produit\/humagne-blanche\/#primaryimage"},"image":{"@id":"https:\/\/www.cavesduparadis.ch\/produit\/humagne-blanche\/#primaryimage"},"thumbnailUrl":"https:\/\/www.cavesduparadis.ch\/wp-content\/uploads\/Humagne-Blanche.jpg","datePublished":"2014-12-20T14:48:53+00:00","dateModified":"2026-02-02T22:26:57+00:00","breadcrumb":{"@id":"https:\/\/www.cavesduparadis.ch\/produit\/humagne-blanche\/#breadcrumb"},"inLanguage":"fr-FR","potentialAction":[{"@type":"ReadAction","target":["https:\/\/www.cavesduparadis.ch\/produit\/humagne-blanche\/"]}]},{"@type":"ImageObject","inLanguage":"fr-FR","@id":"https:\/\/www.cavesduparadis.ch\/produit\/humagne-blanche\/#primaryimage","url":"https:\/\/www.cavesduparadis.ch\/wp-content\/uploads\/Humagne-Blanche.jpg","contentUrl":"https:\/\/www.cavesduparadis.ch\/wp-content\/uploads\/Humagne-Blanche.jpg","width":1599,"height":1599,"caption":"Humagne Blanche"},{"@type":"BreadcrumbList","@id":"https:\/\/www.cavesduparadis.ch\/produit\/humagne-blanche\/#breadcrumb","itemListElement":[{"@type":"ListItem","position":1,"name":"Startseite","item":"https:\/\/www.cavesduparadis.ch\/fr\/caves-du-paradis-sierre-vins-du-valais\/"},{"@type":"ListItem","position":2,"name":"Shop","item":"https:\/\/www.cavesduparadis.ch\/shop\/"},{"@type":"ListItem","position":3,"name":"Humagne Blanche"}]},{"@type":"WebSite","@id":"https:\/\/www.cavesduparadis.ch\/#website","url":"https:\/\/www.cavesduparadis.ch\/","name":"Caves du Paradis Olivier Roten","description":"Vins du Valais","publisher":{"@id":"https:\/\/www.cavesduparadis.ch\/#organization"},"potentialAction":[{"@type":"SearchAction","target":{"@type":"EntryPoint","urlTemplate":"https:\/\/www.cavesduparadis.ch\/?s={search_term_string}"},"query-input":{"@type":"PropertyValueSpecification","valueRequired":true,"valueName":"search_term_string"}}],"inLanguage":"fr-FR"},{"@type":"Organization","@id":"https:\/\/www.cavesduparadis.ch\/#organization","name":"Caves du Paradis","url":"https:\/\/www.cavesduparadis.ch\/","logo":{"@type":"ImageObject","inLanguage":"fr-FR","@id":"https:\/\/www.cavesduparadis.ch\/#\/schema\/logo\/image\/","url":"https:\/\/www.cavesduparadis.ch\/wp-content\/uploads\/CdPOlivierRoten-2.png","contentUrl":"https:\/\/www.cavesduparadis.ch\/wp-content\/uploads\/CdPOlivierRoten-2.png","width":498,"height":579,"caption":"Caves du Paradis"},"image":{"@id":"https:\/\/www.cavesduparadis.ch\/#\/schema\/logo\/image\/"},"sameAs":["https:\/\/www.facebook.com\/cavesparadis"]}]}},"_links":{"self":[{"href":"https:\/\/www.cavesduparadis.ch\/fr\/wp-json\/wp\/v2\/product\/1249","targetHints":{"allow":["GET"]}}],"collection":[{"href":"https:\/\/www.cavesduparadis.ch\/fr\/wp-json\/wp\/v2\/product"}],"about":[{"href":"https:\/\/www.cavesduparadis.ch\/fr\/wp-json\/wp\/v2\/types\/product"}],"wp:featuredmedia":[{"embeddable":true,"href":"https:\/\/www.cavesduparadis.ch\/fr\/wp-json\/wp\/v2\/media\/3305"}],"wp:attachment":[{"href":"https:\/\/www.cavesduparadis.ch\/fr\/wp-json\/wp\/v2\/media?parent=1249"}],"wp:term":[{"taxonomy":"product_brand","embeddable":true,"href":"https:\/\/www.cavesduparadis.ch\/fr\/wp-json\/wp\/v2\/product_brand?post=1249"},{"taxonomy":"product_cat","embeddable":true,"href":"https:\/\/www.cavesduparadis.ch\/fr\/wp-json\/wp\/v2\/product_cat?post=1249"},{"taxonomy":"product_tag","embeddable":true,"href":"https:\/\/www.cavesduparadis.ch\/fr\/wp-json\/wp\/v2\/product_tag?post=1249"}],"curies":[{"name":"wp","href":"https:\/\/api.w.org\/{rel}","templated":true}]}}