{"id":6167,"date":"2021-11-04T17:17:10","date_gmt":"2021-11-04T15:17:10","guid":{"rendered":"https:\/\/www.cavesduparadis.ch\/?post_type=product&#038;p=6167"},"modified":"2025-08-27T17:30:53","modified_gmt":"2025-08-27T15:30:53","slug":"avalanche-rose","status":"publish","type":"product","link":"https:\/\/www.cavesduparadis.ch\/fr\/produit\/avalanche-rose\/","title":{"rendered":"AVALANCHE &#8211; Ros\u00e9 de Pinot Noir"},"content":{"rendered":"<div class=\"post-entry post-entry-type-page post-entry-6145\">\n<div class=\"entry-content-wrapper clearfix\">\n<section class=\"av_textblock_section \">\n<div class=\"avia_textblock \">\n<blockquote><p>CET HIVER ON NE VEUT VOIR l\u2019<strong>AVALANCHE<\/strong> QUE DANS VOS VERRES !<\/p><\/blockquote>\n<p>Profitez de notre SUPER PRIX DE LANCEMENT pour d\u00e9couvrir ce vin unique!<\/p>\n<p><strong>AVALANCHE ros\u00e9 \u2013 Ros\u00e9 de Pinot Noir AOC Valais<\/strong><\/p>\n<p>D\u00e9couvrez ce ros\u00e9 issu du Valais central, \u00e9lev\u00e9 avec amour et passion dans notre cave familiale. Le Ros\u00e9 de Pinot Noir (ou Oeil-de-Perdrix pour les intimes) est un vin friand et puissant!<\/p>\n<p>C\u2019est un vin d\u2019une complexe simplicit\u00e9 qui saura ravir toutes les papilles et accompagner \u00e0 merveille vos douces soir\u00e9es d\u2019hiver au bord du feu. Adoptez le dans vos verres pour vos repas de f\u00eates, ap\u00e9ros entre amis ou offrez en comme cadeau, et laissez vous porter par l\u2019Avalanche !<\/p>\n<\/div>\n<\/section>\n<\/div>\n<\/div>\n","protected":false},"excerpt":{"rendered":"<p>Bouteille 75cl<\/p>\n<p>&nbsp;<\/p>\n","protected":false},"featured_media":6178,"template":"","meta":[],"product_brand":[],"product_cat":[41,53],"product_tag":[235,240,236,233,239,232,231],"class_list":{"0":"post-6167","1":"product","2":"type-product","3":"status-publish","4":"has-post-thumbnail","6":"product_cat-vins-en-bouteille","7":"product_cat-vins-roses","8":"product_tag-cadeau","9":"product_tag-oeil-de-perdrix","10":"product_tag-offrir-vin-suisse","11":"product_tag-swiss-wine","12":"product_tag-vin-rose","13":"product_tag-vin-suisse","14":"product_tag-vin-valais","15":"product_shipping_class-grandes-bouteilles","16":"pa_bottle-size-75cl-fr-2","18":"first","19":"outofstock","20":"shipping-taxable","21":"purchasable","22":"product-type-simple"},"yoast_head":"<!-- This site is optimized with the Yoast SEO plugin v27.0 - https:\/\/yoast.com\/product\/yoast-seo-wordpress\/ -->\n<title>AVALANCHE - Ros\u00e9 de Pinot Noir - Caves du Paradis Olivier Roten<\/title>\n<meta name=\"robots\" content=\"index, follow, max-snippet:-1, max-image-preview:large, max-video-preview:-1\" \/>\n<link rel=\"canonical\" href=\"https:\/\/www.cavesduparadis.ch\/produit\/sacrilege-copie-copie-copie\/\" \/>\n<meta property=\"og:locale\" content=\"fr_FR\" \/>\n<meta property=\"og:type\" content=\"article\" \/>\n<meta property=\"og:title\" content=\"AVALANCHE - Ros\u00e9 de Pinot Noir - Caves du Paradis Olivier Roten\" \/>\n<meta property=\"og:description\" content=\"Bouteille 75cl  &nbsp;\" \/>\n<meta property=\"og:url\" content=\"https:\/\/www.cavesduparadis.ch\/produit\/sacrilege-copie-copie-copie\/\" \/>\n<meta property=\"og:site_name\" content=\"Caves du Paradis Olivier Roten\" \/>\n<meta property=\"article:publisher\" content=\"https:\/\/www.facebook.com\/cavesparadis\" \/>\n<meta property=\"article:modified_time\" content=\"2025-08-27T15:30:53+00:00\" \/>\n<meta property=\"og:image\" content=\"https:\/\/www.cavesduparadis.ch\/wp-content\/uploads\/Avalanche-rose\u0301.jpg\" \/>\n\t<meta property=\"og:image:width\" content=\"2230\" \/>\n\t<meta property=\"og:image:height\" content=\"2231\" \/>\n\t<meta property=\"og:image:type\" content=\"image\/jpeg\" \/>\n<meta name=\"twitter:card\" content=\"summary_large_image\" \/>\n<meta name=\"twitter:label1\" content=\"Dur\u00e9e de lecture estim\u00e9e\" \/>\n\t<meta name=\"twitter:data1\" content=\"1 minute\" \/>\n<script type=\"application\/ld+json\" class=\"yoast-schema-graph\">{\"@context\":\"https:\/\/schema.org\",\"@graph\":[{\"@type\":\"WebPage\",\"@id\":\"https:\/\/www.cavesduparadis.ch\/produit\/sacrilege-copie-copie-copie\/\",\"url\":\"https:\/\/www.cavesduparadis.ch\/produit\/sacrilege-copie-copie-copie\/\",\"name\":\"AVALANCHE - Ros\u00e9 de Pinot Noir - Caves du Paradis Olivier Roten\",\"isPartOf\":{\"@id\":\"https:\/\/www.cavesduparadis.ch\/#website\"},\"primaryImageOfPage\":{\"@id\":\"https:\/\/www.cavesduparadis.ch\/produit\/sacrilege-copie-copie-copie\/#primaryimage\"},\"image\":{\"@id\":\"https:\/\/www.cavesduparadis.ch\/produit\/sacrilege-copie-copie-copie\/#primaryimage\"},\"thumbnailUrl\":\"https:\/\/www.cavesduparadis.ch\/wp-content\/uploads\/Avalanche-rose\u0301.jpg\",\"datePublished\":\"2021-11-04T15:17:10+00:00\",\"dateModified\":\"2025-08-27T15:30:53+00:00\",\"breadcrumb\":{\"@id\":\"https:\/\/www.cavesduparadis.ch\/produit\/sacrilege-copie-copie-copie\/#breadcrumb\"},\"inLanguage\":\"fr-FR\",\"potentialAction\":[{\"@type\":\"ReadAction\",\"target\":[\"https:\/\/www.cavesduparadis.ch\/produit\/sacrilege-copie-copie-copie\/\"]}]},{\"@type\":\"ImageObject\",\"inLanguage\":\"fr-FR\",\"@id\":\"https:\/\/www.cavesduparadis.ch\/produit\/sacrilege-copie-copie-copie\/#primaryimage\",\"url\":\"https:\/\/www.cavesduparadis.ch\/wp-content\/uploads\/Avalanche-rose\u0301.jpg\",\"contentUrl\":\"https:\/\/www.cavesduparadis.ch\/wp-content\/uploads\/Avalanche-rose\u0301.jpg\",\"width\":2230,\"height\":2231,\"caption\":\"Avalanche rose\u0301\"},{\"@type\":\"BreadcrumbList\",\"@id\":\"https:\/\/www.cavesduparadis.ch\/produit\/sacrilege-copie-copie-copie\/#breadcrumb\",\"itemListElement\":[{\"@type\":\"ListItem\",\"position\":1,\"name\":\"Startseite\",\"item\":\"https:\/\/www.cavesduparadis.ch\/fr\/caves-du-paradis-sierre-vins-du-valais\/\"},{\"@type\":\"ListItem\",\"position\":2,\"name\":\"Shop\",\"item\":\"https:\/\/www.cavesduparadis.ch\/shop\/\"},{\"@type\":\"ListItem\",\"position\":3,\"name\":\"AVALANCHE &#8211; Ros\u00e9 de Pinot Noir\"}]},{\"@type\":\"WebSite\",\"@id\":\"https:\/\/www.cavesduparadis.ch\/#website\",\"url\":\"https:\/\/www.cavesduparadis.ch\/\",\"name\":\"Caves du Paradis Olivier Roten\",\"description\":\"Vins du Valais\",\"publisher\":{\"@id\":\"https:\/\/www.cavesduparadis.ch\/#organization\"},\"potentialAction\":[{\"@type\":\"SearchAction\",\"target\":{\"@type\":\"EntryPoint\",\"urlTemplate\":\"https:\/\/www.cavesduparadis.ch\/?s={search_term_string}\"},\"query-input\":{\"@type\":\"PropertyValueSpecification\",\"valueRequired\":true,\"valueName\":\"search_term_string\"}}],\"inLanguage\":\"fr-FR\"},{\"@type\":\"Organization\",\"@id\":\"https:\/\/www.cavesduparadis.ch\/#organization\",\"name\":\"Caves du Paradis\",\"url\":\"https:\/\/www.cavesduparadis.ch\/\",\"logo\":{\"@type\":\"ImageObject\",\"inLanguage\":\"fr-FR\",\"@id\":\"https:\/\/www.cavesduparadis.ch\/#\/schema\/logo\/image\/\",\"url\":\"https:\/\/www.cavesduparadis.ch\/wp-content\/uploads\/CdPOlivierRoten-2.png\",\"contentUrl\":\"https:\/\/www.cavesduparadis.ch\/wp-content\/uploads\/CdPOlivierRoten-2.png\",\"width\":498,\"height\":579,\"caption\":\"Caves du Paradis\"},\"image\":{\"@id\":\"https:\/\/www.cavesduparadis.ch\/#\/schema\/logo\/image\/\"},\"sameAs\":[\"https:\/\/www.facebook.com\/cavesparadis\"]}]}<\/script>\n<!-- \/ Yoast SEO plugin. -->","yoast_head_json":{"title":"AVALANCHE - Ros\u00e9 de Pinot Noir - Caves du Paradis Olivier Roten","robots":{"index":"index","follow":"follow","max-snippet":"max-snippet:-1","max-image-preview":"max-image-preview:large","max-video-preview":"max-video-preview:-1"},"canonical":"https:\/\/www.cavesduparadis.ch\/produit\/sacrilege-copie-copie-copie\/","og_locale":"fr_FR","og_type":"article","og_title":"AVALANCHE - Ros\u00e9 de Pinot Noir - Caves du Paradis Olivier Roten","og_description":"Bouteille 75cl  &nbsp;","og_url":"https:\/\/www.cavesduparadis.ch\/produit\/sacrilege-copie-copie-copie\/","og_site_name":"Caves du Paradis Olivier Roten","article_publisher":"https:\/\/www.facebook.com\/cavesparadis","article_modified_time":"2025-08-27T15:30:53+00:00","og_image":[{"width":2230,"height":2231,"url":"https:\/\/www.cavesduparadis.ch\/wp-content\/uploads\/Avalanche-rose\u0301.jpg","type":"image\/jpeg"}],"twitter_card":"summary_large_image","twitter_misc":{"Dur\u00e9e de lecture estim\u00e9e":"1 minute"},"schema":{"@context":"https:\/\/schema.org","@graph":[{"@type":"WebPage","@id":"https:\/\/www.cavesduparadis.ch\/produit\/sacrilege-copie-copie-copie\/","url":"https:\/\/www.cavesduparadis.ch\/produit\/sacrilege-copie-copie-copie\/","name":"AVALANCHE - Ros\u00e9 de Pinot Noir - Caves du Paradis Olivier Roten","isPartOf":{"@id":"https:\/\/www.cavesduparadis.ch\/#website"},"primaryImageOfPage":{"@id":"https:\/\/www.cavesduparadis.ch\/produit\/sacrilege-copie-copie-copie\/#primaryimage"},"image":{"@id":"https:\/\/www.cavesduparadis.ch\/produit\/sacrilege-copie-copie-copie\/#primaryimage"},"thumbnailUrl":"https:\/\/www.cavesduparadis.ch\/wp-content\/uploads\/Avalanche-rose\u0301.jpg","datePublished":"2021-11-04T15:17:10+00:00","dateModified":"2025-08-27T15:30:53+00:00","breadcrumb":{"@id":"https:\/\/www.cavesduparadis.ch\/produit\/sacrilege-copie-copie-copie\/#breadcrumb"},"inLanguage":"fr-FR","potentialAction":[{"@type":"ReadAction","target":["https:\/\/www.cavesduparadis.ch\/produit\/sacrilege-copie-copie-copie\/"]}]},{"@type":"ImageObject","inLanguage":"fr-FR","@id":"https:\/\/www.cavesduparadis.ch\/produit\/sacrilege-copie-copie-copie\/#primaryimage","url":"https:\/\/www.cavesduparadis.ch\/wp-content\/uploads\/Avalanche-rose\u0301.jpg","contentUrl":"https:\/\/www.cavesduparadis.ch\/wp-content\/uploads\/Avalanche-rose\u0301.jpg","width":2230,"height":2231,"caption":"Avalanche rose\u0301"},{"@type":"BreadcrumbList","@id":"https:\/\/www.cavesduparadis.ch\/produit\/sacrilege-copie-copie-copie\/#breadcrumb","itemListElement":[{"@type":"ListItem","position":1,"name":"Startseite","item":"https:\/\/www.cavesduparadis.ch\/fr\/caves-du-paradis-sierre-vins-du-valais\/"},{"@type":"ListItem","position":2,"name":"Shop","item":"https:\/\/www.cavesduparadis.ch\/shop\/"},{"@type":"ListItem","position":3,"name":"AVALANCHE &#8211; Ros\u00e9 de Pinot Noir"}]},{"@type":"WebSite","@id":"https:\/\/www.cavesduparadis.ch\/#website","url":"https:\/\/www.cavesduparadis.ch\/","name":"Caves du Paradis Olivier Roten","description":"Vins du Valais","publisher":{"@id":"https:\/\/www.cavesduparadis.ch\/#organization"},"potentialAction":[{"@type":"SearchAction","target":{"@type":"EntryPoint","urlTemplate":"https:\/\/www.cavesduparadis.ch\/?s={search_term_string}"},"query-input":{"@type":"PropertyValueSpecification","valueRequired":true,"valueName":"search_term_string"}}],"inLanguage":"fr-FR"},{"@type":"Organization","@id":"https:\/\/www.cavesduparadis.ch\/#organization","name":"Caves du Paradis","url":"https:\/\/www.cavesduparadis.ch\/","logo":{"@type":"ImageObject","inLanguage":"fr-FR","@id":"https:\/\/www.cavesduparadis.ch\/#\/schema\/logo\/image\/","url":"https:\/\/www.cavesduparadis.ch\/wp-content\/uploads\/CdPOlivierRoten-2.png","contentUrl":"https:\/\/www.cavesduparadis.ch\/wp-content\/uploads\/CdPOlivierRoten-2.png","width":498,"height":579,"caption":"Caves du Paradis"},"image":{"@id":"https:\/\/www.cavesduparadis.ch\/#\/schema\/logo\/image\/"},"sameAs":["https:\/\/www.facebook.com\/cavesparadis"]}]}},"_links":{"self":[{"href":"https:\/\/www.cavesduparadis.ch\/fr\/wp-json\/wp\/v2\/product\/6167","targetHints":{"allow":["GET"]}}],"collection":[{"href":"https:\/\/www.cavesduparadis.ch\/fr\/wp-json\/wp\/v2\/product"}],"about":[{"href":"https:\/\/www.cavesduparadis.ch\/fr\/wp-json\/wp\/v2\/types\/product"}],"wp:featuredmedia":[{"embeddable":true,"href":"https:\/\/www.cavesduparadis.ch\/fr\/wp-json\/wp\/v2\/media\/6178"}],"wp:attachment":[{"href":"https:\/\/www.cavesduparadis.ch\/fr\/wp-json\/wp\/v2\/media?parent=6167"}],"wp:term":[{"taxonomy":"product_brand","embeddable":true,"href":"https:\/\/www.cavesduparadis.ch\/fr\/wp-json\/wp\/v2\/product_brand?post=6167"},{"taxonomy":"product_cat","embeddable":true,"href":"https:\/\/www.cavesduparadis.ch\/fr\/wp-json\/wp\/v2\/product_cat?post=6167"},{"taxonomy":"product_tag","embeddable":true,"href":"https:\/\/www.cavesduparadis.ch\/fr\/wp-json\/wp\/v2\/product_tag?post=6167"}],"curies":[{"name":"wp","href":"https:\/\/api.w.org\/{rel}","templated":true}]}}